{"id":1910,"date":"2026-02-24T13:11:43","date_gmt":"2026-02-24T12:11:43","guid":{"rendered":"https:\/\/marine-assekuranz.de\/?page_id=1910"},"modified":"2026-03-05T10:29:50","modified_gmt":"2026-03-05T09:29:50","slug":"unsere-philosophie-redesign","status":"publish","type":"page","link":"https:\/\/marine-assekuranz.de\/en\/unsere-philosophie-redesign\/","title":{"rendered":"Unsere Philosophie Redesign"},"content":{"rendered":"\t\t<div data-elementor-type=\"wp-page\" data-elementor-id=\"1910\" class=\"elementor elementor-1910\" data-elementor-post-type=\"page\">\n\t\t\t\t<div class=\"elementor-element elementor-element-9e3fad4 e-con-full elementor-hidden-tablet elementor-hidden-mobile e-flex e-con e-parent\" data-id=\"9e3fad4\" data-element_type=\"container\" data-e-type=\"container\">\n\t\t<div class=\"elementor-element elementor-element-23891ad e-flex e-con-boxed e-con e-child\" data-id=\"23891ad\" data-element_type=\"container\" data-e-type=\"container\" data-settings=\"{&quot;background_background&quot;:&quot;classic&quot;,&quot;shape_divider_bottom&quot;:&quot;mountains&quot;,&quot;sticky&quot;:&quot;top&quot;,&quot;sticky_offset&quot;:75,&quot;sticky_on&quot;:[&quot;desktop&quot;,&quot;tablet&quot;,&quot;mobile&quot;],&quot;sticky_effects_offset&quot;:0,&quot;sticky_anchor_link_offset&quot;:0}\">\n\t\t\t\t\t<div class=\"e-con-inner\">\n\t\t\t\t<div class=\"elementor-shape elementor-shape-bottom\" aria-hidden=\"true\" data-negative=\"false\">\n\t\t\t<svg xmlns=\"http:\/\/www.w3.org\/2000\/svg\" viewBox=\"0 0 1000 100\" preserveAspectRatio=\"none\">\n\t<path class=\"elementor-shape-fill\" opacity=\"0.33\" d=\"M473,67.3c-203.9,88.3-263.1-34-320.3,0C66,119.1,0,59.7,0,59.7V0h1000v59.7 c0,0-62.1,26.1-94.9,29.3c-32.8,3.3-62.8-12.3-75.8-22.1C806,49.6,745.3,8.7,694.9,4.7S492.4,59,473,67.3z\"\/>\n\t<path class=\"elementor-shape-fill\" opacity=\"0.66\" d=\"M734,67.3c-45.5,0-77.2-23.2-129.1-39.1c-28.6-8.7-150.3-10.1-254,39.1 s-91.7-34.4-149.2,0C115.7,118.3,0,39.8,0,39.8V0h1000v36.5c0,0-28.2-18.5-92.1-18.5C810.2,18.1,775.7,67.3,734,67.3z\"\/>\n\t<path class=\"elementor-shape-fill\" d=\"M766.1,28.9c-200-57.5-266,65.5-395.1,19.5C242,1.8,242,5.4,184.8,20.6C128,35.8,132.3,44.9,89.9,52.5C28.6,63.7,0,0,0,0 h1000c0,0-9.9,40.9-83.6,48.1S829.6,47,766.1,28.9z\"\/>\n<\/svg>\t\t<\/div>\n\t\t\t\t<div class=\"elementor-element elementor-element-3db714f animated-slow elementor-invisible elementor-widget elementor-widget-heading\" data-id=\"3db714f\" data-element_type=\"widget\" data-e-type=\"widget\" data-settings=\"{&quot;_animation&quot;:&quot;fadeInDown&quot;,&quot;_animation_delay&quot;:500}\" data-widget_type=\"heading.default\">\n\t\t\t\t<div class=\"elementor-widget-container\">\n\t\t\t\t\t<h1 class=\"elementor-heading-title elementor-size-default\">Unsere Philosophie<\/h1>\t\t\t\t<\/div>\n\t\t\t\t<\/div>\n\t\t\t\t<div class=\"elementor-element elementor-element-9f3f3e4 animated-slow elementor-widget-divider--view-line elementor-invisible elementor-widget elementor-widget-divider\" data-id=\"9f3f3e4\" data-element_type=\"widget\" data-e-type=\"widget\" data-settings=\"{&quot;_animation&quot;:&quot;fadeInLeft&quot;,&quot;_animation_delay&quot;:700}\" data-widget_type=\"divider.default\">\n\t\t\t\t<div class=\"elementor-widget-container\">\n\t\t\t\t\t\t\t<div class=\"elementor-divider\">\n\t\t\t<span class=\"elementor-divider-separator\">\n\t\t\t\t\t\t<\/span>\n\t\t<\/div>\n\t\t\t\t\t\t<\/div>\n\t\t\t\t<\/div>\n\t\t\t\t\t<\/div>\n\t\t\t\t<\/div>\n\t\t\t\t<\/div>\n\t\t<div class=\"elementor-element elementor-element-26ebade e-flex e-con-boxed e-con e-parent\" data-id=\"26ebade\" data-element_type=\"container\" data-e-type=\"container\" data-settings=\"{&quot;background_background&quot;:&quot;classic&quot;}\">\n\t\t\t\t\t<div class=\"e-con-inner\">\n\t\t<div class=\"elementor-element elementor-element-e7f9312 e-con-full animated-slow e-flex elementor-invisible e-con e-child\" data-id=\"e7f9312\" data-element_type=\"container\" data-e-type=\"container\" data-settings=\"{&quot;animation&quot;:&quot;fadeInUp&quot;}\">\n\t\t\t\t<div class=\"elementor-element elementor-element-665f680 elementor-widget elementor-widget-heading\" data-id=\"665f680\" data-element_type=\"widget\" data-e-type=\"widget\" data-widget_type=\"heading.default\">\n\t\t\t\t<div class=\"elementor-widget-container\">\n\t\t\t\t\t<h2 class=\"elementor-heading-title elementor-size-default\">Partnerschaft und Vertrauen<\/h2>\t\t\t\t<\/div>\n\t\t\t\t<\/div>\n\t\t\t\t<div class=\"elementor-element elementor-element-623ce30 elementor-widget-divider--view-line elementor-widget elementor-widget-divider\" data-id=\"623ce30\" data-element_type=\"widget\" data-e-type=\"widget\" data-widget_type=\"divider.default\">\n\t\t\t\t<div class=\"elementor-widget-container\">\n\t\t\t\t\t\t\t<div class=\"elementor-divider\">\n\t\t\t<span class=\"elementor-divider-separator\">\n\t\t\t\t\t\t<\/span>\n\t\t<\/div>\n\t\t\t\t\t\t<\/div>\n\t\t\t\t<\/div>\n\t\t<div class=\"elementor-element elementor-element-9bf8c1a e-con-full e-flex e-con e-child\" data-id=\"9bf8c1a\" data-element_type=\"container\" data-e-type=\"container\">\n\t\t\t\t<div class=\"elementor-element elementor-element-dc04581 elementor-widget__width-initial animated-slow elementor-view-default elementor-invisible elementor-widget elementor-widget-icon\" data-id=\"dc04581\" data-element_type=\"widget\" data-e-type=\"widget\" data-settings=\"{&quot;_animation&quot;:&quot;fadeInLeft&quot;,&quot;_animation_delay&quot;:250}\" data-widget_type=\"icon.default\">\n\t\t\t\t<div class=\"elementor-widget-container\">\n\t\t\t\t\t\t\t<div class=\"elementor-icon-wrapper\">\n\t\t\t<div class=\"elementor-icon\">\n\t\t\t<i aria-hidden=\"true\" class=\"fas fa-handshake\"><\/i>\t\t\t<\/div>\n\t\t<\/div>\n\t\t\t\t\t\t<\/div>\n\t\t\t\t<\/div>\n\t\t<div class=\"elementor-element elementor-element-b43ee78 e-con-full e-flex e-con e-child\" data-id=\"b43ee78\" data-element_type=\"container\" data-e-type=\"container\">\n\t\t\t\t<div class=\"elementor-element elementor-element-184b8d7 elementor-widget elementor-widget-text-editor\" data-id=\"184b8d7\" data-element_type=\"widget\" data-e-type=\"widget\" data-widget_type=\"text-editor.default\">\n\t\t\t\t<div class=\"elementor-widget-container\">\n\t\t\t\t\t\t\t\t\t<p>Wenn es um Versicherungsschutz, Versicherungsfragen und Versicherungsoptimierung in Seefahrt, Transport und bei Spezialversicherungen geht, ist ein enges und auf langfristige Zusammenarbeit angelegtes Vertrauensverh\u00e4ltnis unverzichtbar.<\/p>\t\t\t\t\t\t\t\t<\/div>\n\t\t\t\t<\/div>\n\t\t\t\t<div class=\"elementor-element elementor-element-75889f4 elementor-widget elementor-widget-text-editor\" data-id=\"75889f4\" data-element_type=\"widget\" data-e-type=\"widget\" data-widget_type=\"text-editor.default\">\n\t\t\t\t<div class=\"elementor-widget-container\">\n\t\t\t\t\t\t\t\t\t<p>Wir verstehen uns als Partner, der seinen Kunden ein solches Vertrauensverh\u00e4ltnis bietet. Ehrlich, fair, kompetent und immer ansprechbar legen wir Wert auf Kontinuit\u00e4t und Zuverl\u00e4ssigkeit.<\/p>\t\t\t\t\t\t\t\t<\/div>\n\t\t\t\t<\/div>\n\t\t\t\t<\/div>\n\t\t\t\t<\/div>\n\t\t\t\t<\/div>\n\t\t\t\t\t<\/div>\n\t\t\t\t<\/div>\n\t\t<div class=\"elementor-element elementor-element-c96029e e-flex e-con-boxed e-con e-parent\" data-id=\"c96029e\" data-element_type=\"container\" data-e-type=\"container\" data-settings=\"{&quot;background_background&quot;:&quot;classic&quot;}\">\n\t\t\t\t\t<div class=\"e-con-inner\">\n\t\t<div class=\"elementor-element elementor-element-292f023 e-con-full animated-slow e-flex elementor-invisible e-con e-child\" data-id=\"292f023\" data-element_type=\"container\" data-e-type=\"container\" data-settings=\"{&quot;animation&quot;:&quot;fadeInUp&quot;}\">\n\t\t\t\t<div class=\"elementor-element elementor-element-4ddef61 elementor-widget elementor-widget-heading\" data-id=\"4ddef61\" data-element_type=\"widget\" data-e-type=\"widget\" data-widget_type=\"heading.default\">\n\t\t\t\t<div class=\"elementor-widget-container\">\n\t\t\t\t\t<h2 class=\"elementor-heading-title elementor-size-default\">Qualifikation und Qualit\u00e4t<\/h2>\t\t\t\t<\/div>\n\t\t\t\t<\/div>\n\t\t\t\t<div class=\"elementor-element elementor-element-8885583 elementor-widget-divider--view-line elementor-widget elementor-widget-divider\" data-id=\"8885583\" data-element_type=\"widget\" data-e-type=\"widget\" data-widget_type=\"divider.default\">\n\t\t\t\t<div class=\"elementor-widget-container\">\n\t\t\t\t\t\t\t<div class=\"elementor-divider\">\n\t\t\t<span class=\"elementor-divider-separator\">\n\t\t\t\t\t\t<\/span>\n\t\t<\/div>\n\t\t\t\t\t\t<\/div>\n\t\t\t\t<\/div>\n\t\t<div class=\"elementor-element elementor-element-2814dbd e-con-full e-flex e-con e-child\" data-id=\"2814dbd\" data-element_type=\"container\" data-e-type=\"container\">\n\t\t\t\t<div class=\"elementor-element elementor-element-42db998 elementor-widget__width-initial animated-slow elementor-view-default elementor-invisible elementor-widget elementor-widget-icon\" data-id=\"42db998\" data-element_type=\"widget\" data-e-type=\"widget\" data-settings=\"{&quot;_animation&quot;:&quot;fadeInLeft&quot;,&quot;_animation_delay&quot;:250}\" data-widget_type=\"icon.default\">\n\t\t\t\t<div class=\"elementor-widget-container\">\n\t\t\t\t\t\t\t<div class=\"elementor-icon-wrapper\">\n\t\t\t<div class=\"elementor-icon\">\n\t\t\t<i aria-hidden=\"true\" class=\"fas fa-scroll\"><\/i>\t\t\t<\/div>\n\t\t<\/div>\n\t\t\t\t\t\t<\/div>\n\t\t\t\t<\/div>\n\t\t<div class=\"elementor-element elementor-element-2cedcb6 e-con-full e-flex e-con e-child\" data-id=\"2cedcb6\" data-element_type=\"container\" data-e-type=\"container\">\n\t\t\t\t<div class=\"elementor-element elementor-element-ae92d27 elementor-widget elementor-widget-text-editor\" data-id=\"ae92d27\" data-element_type=\"widget\" data-e-type=\"widget\" data-widget_type=\"text-editor.default\">\n\t\t\t\t<div class=\"elementor-widget-container\">\n\t\t\t\t\t\t\t\t\t<p>In einem komplexen globalen Markt, der sich st\u00e4ndig und schnell ver\u00e4ndert und der immer wieder neue Herausforderungen stellt, sind Erfahrung und exzellente Qualifikation die Basis f\u00fcr eine erfolgreiche Versicherungspartnerschaft.<\/p>\t\t\t\t\t\t\t\t<\/div>\n\t\t\t\t<\/div>\n\t\t\t\t<div class=\"elementor-element elementor-element-34b6205 elementor-widget elementor-widget-text-editor\" data-id=\"34b6205\" data-element_type=\"widget\" data-e-type=\"widget\" data-widget_type=\"text-editor.default\">\n\t\t\t\t<div class=\"elementor-widget-container\">\n\t\t\t\t\t\t\t\t\t<p>Die hohe Qualifikation unserer Mitarbeiter sichert unseren Kunden eine umfassende kompetente Betreuung in allen Versicherungsbelangen, von der Auswahl der Versicherer \u00fcber die Vertragsgestaltung bis zur Schadenabwicklung. Das ist unsere Serviceleistung, an deren Qualit\u00e4t wir uns messen lassen wollen.<\/p>\t\t\t\t\t\t\t\t<\/div>\n\t\t\t\t<\/div>\n\t\t\t\t<\/div>\n\t\t\t\t<\/div>\n\t\t\t\t<\/div>\n\t\t\t\t\t<\/div>\n\t\t\t\t<\/div>\n\t\t<div class=\"elementor-element elementor-element-945f41b e-flex e-con-boxed e-con e-parent\" data-id=\"945f41b\" data-element_type=\"container\" data-e-type=\"container\" data-settings=\"{&quot;background_background&quot;:&quot;classic&quot;}\">\n\t\t\t\t\t<div class=\"e-con-inner\">\n\t\t<div class=\"elementor-element elementor-element-2ace7a4 e-con-full animated-slow e-flex elementor-invisible e-con e-child\" data-id=\"2ace7a4\" data-element_type=\"container\" data-e-type=\"container\" data-settings=\"{&quot;animation&quot;:&quot;fadeInUp&quot;}\">\n\t\t\t\t<div class=\"elementor-element elementor-element-db62334 elementor-widget elementor-widget-heading\" data-id=\"db62334\" data-element_type=\"widget\" data-e-type=\"widget\" data-widget_type=\"heading.default\">\n\t\t\t\t<div class=\"elementor-widget-container\">\n\t\t\t\t\t<h2 class=\"elementor-heading-title elementor-size-default\">Service und Verantwortung<\/h2>\t\t\t\t<\/div>\n\t\t\t\t<\/div>\n\t\t\t\t<div class=\"elementor-element elementor-element-c7aa3b3 elementor-widget-divider--view-line elementor-widget elementor-widget-divider\" data-id=\"c7aa3b3\" data-element_type=\"widget\" data-e-type=\"widget\" data-widget_type=\"divider.default\">\n\t\t\t\t<div class=\"elementor-widget-container\">\n\t\t\t\t\t\t\t<div class=\"elementor-divider\">\n\t\t\t<span class=\"elementor-divider-separator\">\n\t\t\t\t\t\t<\/span>\n\t\t<\/div>\n\t\t\t\t\t\t<\/div>\n\t\t\t\t<\/div>\n\t\t<div class=\"elementor-element elementor-element-8dd9213 e-con-full e-flex e-con e-child\" data-id=\"8dd9213\" data-element_type=\"container\" data-e-type=\"container\">\n\t\t\t\t<div class=\"elementor-element elementor-element-5f20598 elementor-widget__width-initial animated-slow elementor-view-default elementor-invisible elementor-widget elementor-widget-icon\" data-id=\"5f20598\" data-element_type=\"widget\" data-e-type=\"widget\" data-settings=\"{&quot;_animation&quot;:&quot;fadeInLeft&quot;,&quot;_animation_delay&quot;:250}\" data-widget_type=\"icon.default\">\n\t\t\t\t<div class=\"elementor-widget-container\">\n\t\t\t\t\t\t\t<div class=\"elementor-icon-wrapper\">\n\t\t\t<div class=\"elementor-icon\">\n\t\t\t<i aria-hidden=\"true\" class=\"fas fa-user-cog\"><\/i>\t\t\t<\/div>\n\t\t<\/div>\n\t\t\t\t\t\t<\/div>\n\t\t\t\t<\/div>\n\t\t<div class=\"elementor-element elementor-element-6e46450 e-con-full e-flex e-con e-child\" data-id=\"6e46450\" data-element_type=\"container\" data-e-type=\"container\">\n\t\t\t\t<div class=\"elementor-element elementor-element-d436598 elementor-widget elementor-widget-text-editor\" data-id=\"d436598\" data-element_type=\"widget\" data-e-type=\"widget\" data-widget_type=\"text-editor.default\">\n\t\t\t\t<div class=\"elementor-widget-container\">\n\t\t\t\t\t\t\t\t\t<p>Service endet nicht mit einem Vertragsabschluss. Er beginnt dort.<\/p>\t\t\t\t\t\t\t\t<\/div>\n\t\t\t\t<\/div>\n\t\t\t\t<div class=\"elementor-element elementor-element-eb0cbef elementor-widget elementor-widget-text-editor\" data-id=\"eb0cbef\" data-element_type=\"widget\" data-e-type=\"widget\" data-widget_type=\"text-editor.default\">\n\t\t\t\t<div class=\"elementor-widget-container\">\n\t\t\t\t\t\t\t\t\t<p>Wir f\u00fchlen uns verantwortlich: Wir begleiten Sie durch alle Anforderungen des Versicherungsjahres und k\u00fcmmern uns um den reibungslosen Ablauf Ihrer versicherungsrelevanten Gesch\u00e4ftsprozesse.<\/p>\t\t\t\t\t\t\t\t<\/div>\n\t\t\t\t<\/div>\n\t\t\t\t<\/div>\n\t\t\t\t<\/div>\n\t\t\t\t<\/div>\n\t\t\t\t\t<\/div>\n\t\t\t\t<\/div>\n\t\t<div class=\"elementor-element elementor-element-aebd8d8 e-flex e-con-boxed e-con e-parent\" data-id=\"aebd8d8\" data-element_type=\"container\" data-e-type=\"container\" data-settings=\"{&quot;background_background&quot;:&quot;classic&quot;}\">\n\t\t\t\t\t<div class=\"e-con-inner\">\n\t\t\t\t<div class=\"elementor-element elementor-element-d7bcd25 elementor-widget elementor-widget-spacer\" data-id=\"d7bcd25\" data-element_type=\"widget\" data-e-type=\"widget\" data-widget_type=\"spacer.default\">\n\t\t\t\t<div class=\"elementor-widget-container\">\n\t\t\t\t\t\t\t<div class=\"elementor-spacer\">\n\t\t\t<div class=\"elementor-spacer-inner\"><\/div>\n\t\t<\/div>\n\t\t\t\t\t\t<\/div>\n\t\t\t\t<\/div>\n\t\t\t\t\t<\/div>\n\t\t\t\t<\/div>\n\t\t\t\t<\/div>\n\t\t","protected":false},"excerpt":{"rendered":"<p>Unsere Philosophie Partnerschaft und Vertrauen Wenn es um Versicherungsschutz, Versicherungsfragen und Versicherungsoptimierung in Seefahrt, Transport und bei Spezialversicherungen geht, ist ein enges und auf langfristige Zusammenarbeit angelegtes Vertrauensverh\u00e4ltnis unverzichtbar. Wir verstehen uns als Partner, der seinen Kunden ein solches Vertrauensverh\u00e4ltnis bietet. Ehrlich, fair, kompetent und immer ansprechbar legen wir Wert auf Kontinuit\u00e4t und Zuverl\u00e4ssigkeit. Qualifikation [&hellip;]<\/p>\n","protected":false},"author":1,"featured_media":0,"parent":0,"menu_order":0,"comment_status":"closed","ping_status":"closed","template":"elementor_header_footer","meta":{"_acf_changed":false,"inline_featured_image":false,"footnotes":""},"class_list":["post-1910","page","type-page","status-publish","hentry"],"acf":[],"yoast_head":"<!-- This site is optimized with the Yoast SEO plugin v27.4 - https:\/\/yoast.com\/product\/yoast-seo-wordpress\/ -->\n<title>Unsere Philosophie Redesign - MARINE Assekuranz GmbH Versicherungsmakler<\/title>\n<meta name=\"robots\" content=\"index, follow, max-snippet:-1, max-image-preview:large, max-video-preview:-1\" \/>\n<link rel=\"canonical\" href=\"https:\/\/marine-assekuranz.de\/en\/unsere-philosophie-redesign\/\" \/>\n<meta property=\"og:locale\" content=\"en_US\" \/>\n<meta property=\"og:type\" content=\"article\" \/>\n<meta property=\"og:title\" content=\"Unsere Philosophie Redesign - MARINE Assekuranz GmbH Versicherungsmakler\" \/>\n<meta property=\"og:description\" content=\"Unsere Philosophie Partnerschaft und Vertrauen Wenn es um Versicherungsschutz, Versicherungsfragen und Versicherungsoptimierung in Seefahrt, Transport und bei Spezialversicherungen geht, ist ein enges und auf langfristige Zusammenarbeit angelegtes Vertrauensverh\u00e4ltnis unverzichtbar. Wir verstehen uns als Partner, der seinen Kunden ein solches Vertrauensverh\u00e4ltnis bietet. Ehrlich, fair, kompetent und immer ansprechbar legen wir Wert auf Kontinuit\u00e4t und Zuverl\u00e4ssigkeit. Qualifikation [&hellip;]\" \/>\n<meta property=\"og:url\" content=\"https:\/\/marine-assekuranz.de\/en\/unsere-philosophie-redesign\/\" \/>\n<meta property=\"og:site_name\" content=\"MARINE Assekuranz GmbH Versicherungsmakler\" \/>\n<meta property=\"article:modified_time\" content=\"2026-03-05T09:29:50+00:00\" \/>\n<meta name=\"twitter:card\" content=\"summary_large_image\" \/>\n<meta name=\"twitter:label1\" content=\"Est. reading time\" \/>\n\t<meta name=\"twitter:data1\" content=\"1 minute\" \/>\n<script type=\"application\/ld+json\" class=\"yoast-schema-graph\">{\"@context\":\"https:\\\/\\\/schema.org\",\"@graph\":[{\"@type\":\"WebPage\",\"@id\":\"https:\\\/\\\/marine-assekuranz.de\\\/unsere-philosophie-redesign\\\/\",\"url\":\"https:\\\/\\\/marine-assekuranz.de\\\/unsere-philosophie-redesign\\\/\",\"name\":\"Unsere Philosophie Redesign - MARINE Assekuranz GmbH Versicherungsmakler\",\"isPartOf\":{\"@id\":\"https:\\\/\\\/marine-assekuranz.de\\\/#website\"},\"datePublished\":\"2026-02-24T12:11:43+00:00\",\"dateModified\":\"2026-03-05T09:29:50+00:00\",\"breadcrumb\":{\"@id\":\"https:\\\/\\\/marine-assekuranz.de\\\/unsere-philosophie-redesign\\\/#breadcrumb\"},\"inLanguage\":\"en-US\",\"potentialAction\":[{\"@type\":\"ReadAction\",\"target\":[\"https:\\\/\\\/marine-assekuranz.de\\\/unsere-philosophie-redesign\\\/\"]}]},{\"@type\":\"BreadcrumbList\",\"@id\":\"https:\\\/\\\/marine-assekuranz.de\\\/unsere-philosophie-redesign\\\/#breadcrumb\",\"itemListElement\":[{\"@type\":\"ListItem\",\"position\":1,\"name\":\"Startseite\",\"item\":\"https:\\\/\\\/marine-assekuranz.de\\\/\"},{\"@type\":\"ListItem\",\"position\":2,\"name\":\"Unsere Philosophie Redesign\"}]},{\"@type\":\"WebSite\",\"@id\":\"https:\\\/\\\/marine-assekuranz.de\\\/#website\",\"url\":\"https:\\\/\\\/marine-assekuranz.de\\\/\",\"name\":\"MARINE Assekuranz GmbH Versicherungsmakler\",\"description\":\"Schifffahrt und Seetransporte sicher versichern\",\"publisher\":{\"@id\":\"https:\\\/\\\/marine-assekuranz.de\\\/#organization\"},\"potentialAction\":[{\"@type\":\"SearchAction\",\"target\":{\"@type\":\"EntryPoint\",\"urlTemplate\":\"https:\\\/\\\/marine-assekuranz.de\\\/?s={search_term_string}\"},\"query-input\":{\"@type\":\"PropertyValueSpecification\",\"valueRequired\":true,\"valueName\":\"search_term_string\"}}],\"inLanguage\":\"en-US\"},{\"@type\":\"Organization\",\"@id\":\"https:\\\/\\\/marine-assekuranz.de\\\/#organization\",\"name\":\"Marine Assekuranz GmbH\",\"url\":\"https:\\\/\\\/marine-assekuranz.de\\\/\",\"logo\":{\"@type\":\"ImageObject\",\"inLanguage\":\"en-US\",\"@id\":\"https:\\\/\\\/marine-assekuranz.de\\\/#\\\/schema\\\/logo\\\/image\\\/\",\"url\":\"https:\\\/\\\/marine-assekuranz.de\\\/wp-content\\\/uploads\\\/2020\\\/09\\\/Logo_MA_en_500.png\",\"contentUrl\":\"https:\\\/\\\/marine-assekuranz.de\\\/wp-content\\\/uploads\\\/2020\\\/09\\\/Logo_MA_en_500.png\",\"width\":500,\"height\":100,\"caption\":\"Marine Assekuranz GmbH\"},\"image\":{\"@id\":\"https:\\\/\\\/marine-assekuranz.de\\\/#\\\/schema\\\/logo\\\/image\\\/\"}}]}<\/script>\n<!-- \/ Yoast SEO plugin. -->","yoast_head_json":{"title":"Unsere Philosophie Redesign - MARINE Assekuranz GmbH Versicherungsmakler","robots":{"index":"index","follow":"follow","max-snippet":"max-snippet:-1","max-image-preview":"max-image-preview:large","max-video-preview":"max-video-preview:-1"},"canonical":"https:\/\/marine-assekuranz.de\/en\/unsere-philosophie-redesign\/","og_locale":"en_US","og_type":"article","og_title":"Unsere Philosophie Redesign - MARINE Assekuranz GmbH Versicherungsmakler","og_description":"Unsere Philosophie Partnerschaft und Vertrauen Wenn es um Versicherungsschutz, Versicherungsfragen und Versicherungsoptimierung in Seefahrt, Transport und bei Spezialversicherungen geht, ist ein enges und auf langfristige Zusammenarbeit angelegtes Vertrauensverh\u00e4ltnis unverzichtbar. Wir verstehen uns als Partner, der seinen Kunden ein solches Vertrauensverh\u00e4ltnis bietet. Ehrlich, fair, kompetent und immer ansprechbar legen wir Wert auf Kontinuit\u00e4t und Zuverl\u00e4ssigkeit. Qualifikation [&hellip;]","og_url":"https:\/\/marine-assekuranz.de\/en\/unsere-philosophie-redesign\/","og_site_name":"MARINE Assekuranz GmbH Versicherungsmakler","article_modified_time":"2026-03-05T09:29:50+00:00","twitter_card":"summary_large_image","twitter_misc":{"Est. reading time":"1 minute"},"schema":{"@context":"https:\/\/schema.org","@graph":[{"@type":"WebPage","@id":"https:\/\/marine-assekuranz.de\/unsere-philosophie-redesign\/","url":"https:\/\/marine-assekuranz.de\/unsere-philosophie-redesign\/","name":"Unsere Philosophie Redesign - MARINE Assekuranz GmbH Versicherungsmakler","isPartOf":{"@id":"https:\/\/marine-assekuranz.de\/#website"},"datePublished":"2026-02-24T12:11:43+00:00","dateModified":"2026-03-05T09:29:50+00:00","breadcrumb":{"@id":"https:\/\/marine-assekuranz.de\/unsere-philosophie-redesign\/#breadcrumb"},"inLanguage":"en-US","potentialAction":[{"@type":"ReadAction","target":["https:\/\/marine-assekuranz.de\/unsere-philosophie-redesign\/"]}]},{"@type":"BreadcrumbList","@id":"https:\/\/marine-assekuranz.de\/unsere-philosophie-redesign\/#breadcrumb","itemListElement":[{"@type":"ListItem","position":1,"name":"Startseite","item":"https:\/\/marine-assekuranz.de\/"},{"@type":"ListItem","position":2,"name":"Unsere Philosophie Redesign"}]},{"@type":"WebSite","@id":"https:\/\/marine-assekuranz.de\/#website","url":"https:\/\/marine-assekuranz.de\/","name":"MARINE Assekuranz GmbH Versicherungsmakler","description":"Schifffahrt und Seetransporte sicher versichern","publisher":{"@id":"https:\/\/marine-assekuranz.de\/#organization"},"potentialAction":[{"@type":"SearchAction","target":{"@type":"EntryPoint","urlTemplate":"https:\/\/marine-assekuranz.de\/?s={search_term_string}"},"query-input":{"@type":"PropertyValueSpecification","valueRequired":true,"valueName":"search_term_string"}}],"inLanguage":"en-US"},{"@type":"Organization","@id":"https:\/\/marine-assekuranz.de\/#organization","name":"Marine Assekuranz GmbH","url":"https:\/\/marine-assekuranz.de\/","logo":{"@type":"ImageObject","inLanguage":"en-US","@id":"https:\/\/marine-assekuranz.de\/#\/schema\/logo\/image\/","url":"https:\/\/marine-assekuranz.de\/wp-content\/uploads\/2020\/09\/Logo_MA_en_500.png","contentUrl":"https:\/\/marine-assekuranz.de\/wp-content\/uploads\/2020\/09\/Logo_MA_en_500.png","width":500,"height":100,"caption":"Marine Assekuranz GmbH"},"image":{"@id":"https:\/\/marine-assekuranz.de\/#\/schema\/logo\/image\/"}}]}},"_links":{"self":[{"href":"https:\/\/marine-assekuranz.de\/en\/wp-json\/wp\/v2\/pages\/1910","targetHints":{"allow":["GET"]}}],"collection":[{"href":"https:\/\/marine-assekuranz.de\/en\/wp-json\/wp\/v2\/pages"}],"about":[{"href":"https:\/\/marine-assekuranz.de\/en\/wp-json\/wp\/v2\/types\/page"}],"author":[{"embeddable":true,"href":"https:\/\/marine-assekuranz.de\/en\/wp-json\/wp\/v2\/users\/1"}],"replies":[{"embeddable":true,"href":"https:\/\/marine-assekuranz.de\/en\/wp-json\/wp\/v2\/comments?post=1910"}],"version-history":[{"count":46,"href":"https:\/\/marine-assekuranz.de\/en\/wp-json\/wp\/v2\/pages\/1910\/revisions"}],"predecessor-version":[{"id":2075,"href":"https:\/\/marine-assekuranz.de\/en\/wp-json\/wp\/v2\/pages\/1910\/revisions\/2075"}],"wp:attachment":[{"href":"https:\/\/marine-assekuranz.de\/en\/wp-json\/wp\/v2\/media?parent=1910"}],"curies":[{"name":"wp","href":"https:\/\/api.w.org\/{rel}","templated":true}]}}