{"id":1966,"date":"2026-02-24T15:26:32","date_gmt":"2026-02-24T14:26:32","guid":{"rendered":"https:\/\/marine-assekuranz.de\/?page_id=1966"},"modified":"2026-04-09T15:19:51","modified_gmt":"2026-04-09T13:19:51","slug":"fakten-redesign","status":"publish","type":"page","link":"https:\/\/marine-assekuranz.de\/en\/fakten-redesign\/","title":{"rendered":"Fakten Redesign"},"content":{"rendered":"\t\t<div data-elementor-type=\"wp-page\" data-elementor-id=\"1966\" class=\"elementor elementor-1966\" data-elementor-post-type=\"page\">\n\t\t\t\t<div class=\"elementor-element elementor-element-9e3fad4 e-con-full elementor-hidden-tablet elementor-hidden-mobile e-flex e-con e-parent\" data-id=\"9e3fad4\" data-element_type=\"container\" data-e-type=\"container\">\n\t\t<div class=\"elementor-element elementor-element-23891ad e-flex e-con-boxed e-con e-child\" data-id=\"23891ad\" data-element_type=\"container\" data-e-type=\"container\" data-settings=\"{&quot;background_background&quot;:&quot;classic&quot;,&quot;shape_divider_bottom&quot;:&quot;mountains&quot;,&quot;sticky&quot;:&quot;top&quot;,&quot;sticky_offset&quot;:75,&quot;sticky_on&quot;:[&quot;desktop&quot;,&quot;tablet&quot;,&quot;mobile&quot;],&quot;sticky_effects_offset&quot;:0,&quot;sticky_anchor_link_offset&quot;:0}\">\n\t\t\t\t\t<div class=\"e-con-inner\">\n\t\t\t\t<div class=\"elementor-shape elementor-shape-bottom\" aria-hidden=\"true\" data-negative=\"false\">\n\t\t\t<svg xmlns=\"http:\/\/www.w3.org\/2000\/svg\" viewBox=\"0 0 1000 100\" preserveAspectRatio=\"none\">\n\t<path class=\"elementor-shape-fill\" opacity=\"0.33\" d=\"M473,67.3c-203.9,88.3-263.1-34-320.3,0C66,119.1,0,59.7,0,59.7V0h1000v59.7 c0,0-62.1,26.1-94.9,29.3c-32.8,3.3-62.8-12.3-75.8-22.1C806,49.6,745.3,8.7,694.9,4.7S492.4,59,473,67.3z\"\/>\n\t<path class=\"elementor-shape-fill\" opacity=\"0.66\" d=\"M734,67.3c-45.5,0-77.2-23.2-129.1-39.1c-28.6-8.7-150.3-10.1-254,39.1 s-91.7-34.4-149.2,0C115.7,118.3,0,39.8,0,39.8V0h1000v36.5c0,0-28.2-18.5-92.1-18.5C810.2,18.1,775.7,67.3,734,67.3z\"\/>\n\t<path class=\"elementor-shape-fill\" d=\"M766.1,28.9c-200-57.5-266,65.5-395.1,19.5C242,1.8,242,5.4,184.8,20.6C128,35.8,132.3,44.9,89.9,52.5C28.6,63.7,0,0,0,0 h1000c0,0-9.9,40.9-83.6,48.1S829.6,47,766.1,28.9z\"\/>\n<\/svg>\t\t<\/div>\n\t\t\t\t<div class=\"elementor-element elementor-element-3db714f animated-slow elementor-invisible elementor-widget elementor-widget-heading\" data-id=\"3db714f\" data-element_type=\"widget\" data-e-type=\"widget\" data-settings=\"{&quot;_animation&quot;:&quot;fadeInDown&quot;,&quot;_animation_delay&quot;:500}\" data-widget_type=\"heading.default\">\n\t\t\t\t<div class=\"elementor-widget-container\">\n\t\t\t\t\t<h1 class=\"elementor-heading-title elementor-size-default\">Fakten<\/h1>\t\t\t\t<\/div>\n\t\t\t\t<\/div>\n\t\t\t\t<div class=\"elementor-element elementor-element-9f3f3e4 animated-slow elementor-widget-divider--view-line elementor-invisible elementor-widget elementor-widget-divider\" data-id=\"9f3f3e4\" data-element_type=\"widget\" data-e-type=\"widget\" data-settings=\"{&quot;_animation&quot;:&quot;fadeInLeft&quot;,&quot;_animation_delay&quot;:700}\" data-widget_type=\"divider.default\">\n\t\t\t\t<div class=\"elementor-widget-container\">\n\t\t\t\t\t\t\t<div class=\"elementor-divider\">\n\t\t\t<span class=\"elementor-divider-separator\">\n\t\t\t\t\t\t<\/span>\n\t\t<\/div>\n\t\t\t\t\t\t<\/div>\n\t\t\t\t<\/div>\n\t\t\t\t\t<\/div>\n\t\t\t\t<\/div>\n\t\t\t\t<\/div>\n\t\t<div class=\"elementor-element elementor-element-26ebade e-flex e-con-boxed e-con e-parent\" data-id=\"26ebade\" data-element_type=\"container\" data-e-type=\"container\" data-settings=\"{&quot;background_background&quot;:&quot;classic&quot;}\">\n\t\t\t\t\t<div class=\"e-con-inner\">\n\t\t<div class=\"elementor-element elementor-element-e7f9312 e-con-full animated-slow e-flex elementor-invisible e-con e-child\" data-id=\"e7f9312\" data-element_type=\"container\" data-e-type=\"container\" data-settings=\"{&quot;animation&quot;:&quot;fadeInUp&quot;,&quot;animation_delay&quot;:200}\">\n\t\t\t\t<div class=\"elementor-element elementor-element-665f680 elementor-widget elementor-widget-heading\" data-id=\"665f680\" data-element_type=\"widget\" data-e-type=\"widget\" data-widget_type=\"heading.default\">\n\t\t\t\t<div class=\"elementor-widget-container\">\n\t\t\t\t\t<h2 class=\"elementor-heading-title elementor-size-default\">Die MARINE Assekuranz GmbH<\/h2>\t\t\t\t<\/div>\n\t\t\t\t<\/div>\n\t\t\t\t<div class=\"elementor-element elementor-element-623ce30 elementor-widget-divider--view-line elementor-widget elementor-widget-divider\" data-id=\"623ce30\" data-element_type=\"widget\" data-e-type=\"widget\" data-widget_type=\"divider.default\">\n\t\t\t\t<div class=\"elementor-widget-container\">\n\t\t\t\t\t\t\t<div class=\"elementor-divider\">\n\t\t\t<span class=\"elementor-divider-separator\">\n\t\t\t\t\t\t<\/span>\n\t\t<\/div>\n\t\t\t\t\t\t<\/div>\n\t\t\t\t<\/div>\n\t\t\t\t<div class=\"elementor-element elementor-element-184b8d7 elementor-widget elementor-widget-text-editor\" data-id=\"184b8d7\" data-element_type=\"widget\" data-e-type=\"widget\" data-widget_type=\"text-editor.default\">\n\t\t\t\t<div class=\"elementor-widget-container\">\n\t\t\t\t\t\t\t\t\t<p>ist ein transparenter und international arbeitender Versicherungsmakler mit Schwerpunkt Schiffs- und Transportversicherungen.<\/p>\t\t\t\t\t\t\t\t<\/div>\n\t\t\t\t<\/div>\n\t\t\t\t<div class=\"elementor-element elementor-element-75889f4 elementor-widget elementor-widget-text-editor\" data-id=\"75889f4\" data-element_type=\"widget\" data-e-type=\"widget\" data-widget_type=\"text-editor.default\">\n\t\t\t\t<div class=\"elementor-widget-container\">\n\t\t\t\t\t\t\t\t\t<p>Das Unternehmen mit Sitz in Hamburg wurde 1982 gegr\u00fcndet und ist seit 1989 Mitglied der Versicherungsmakler-Gruppe <a href=\"https:\/\/www.martens-prahl.de\/\" target=\"_blank\" rel=\"noopener\">MARTENS &amp; PRAHL Versicherungskontor GmbH &amp; Co. KG<\/a>.<\/p>\t\t\t\t\t\t\t\t<\/div>\n\t\t\t\t<\/div>\n\t\t\t\t<div class=\"elementor-element elementor-element-d0b6398 elementor-widget elementor-widget-text-editor\" data-id=\"d0b6398\" data-element_type=\"widget\" data-e-type=\"widget\" data-widget_type=\"text-editor.default\">\n\t\t\t\t<div class=\"elementor-widget-container\">\n\t\t\t\t\t\t\t\t\t<p>Als hanseatischer Versicherungsmakler sind wir sowohl national als auch international bestens aufgestellt: Wir sind Partner von zahlreichen weltweit agierenden Unternehmen aus der Schifffahrt und dem Transportwesen und verf\u00fcgen \u00fcber langj\u00e4hrige Erfahrung und enge Verbindungen in alle Welt.<\/p>\t\t\t\t\t\t\t\t<\/div>\n\t\t\t\t<\/div>\n\t\t\t\t<div class=\"elementor-element elementor-element-12f5f17 elementor-widget elementor-widget-text-editor\" data-id=\"12f5f17\" data-element_type=\"widget\" data-e-type=\"widget\" data-widget_type=\"text-editor.default\">\n\t\t\t\t<div class=\"elementor-widget-container\">\n\t\t\t\t\t\t\t\t\t<p>Mit unseren hervorragenden Kontakten in alle Versicherungsm\u00e4rkte k\u00f6nnen wir ma\u00dfgeschneiderte Versicherungskonzepte entwickeln. Damit sind wir in der Lage, unsere Kunden weltweit umfassend und individuell zu beraten und zu betreuen.<\/p>\t\t\t\t\t\t\t\t<\/div>\n\t\t\t\t<\/div>\n\t\t\t\t<div class=\"elementor-element elementor-element-aef03d7 elementor-widget elementor-widget-text-editor\" data-id=\"aef03d7\" data-element_type=\"widget\" data-e-type=\"widget\" data-widget_type=\"text-editor.default\">\n\t\t\t\t<div class=\"elementor-widget-container\">\n\t\t\t\t\t\t\t\t\t<p>Die <strong>Marine Assekuranz GmbH<\/strong> ist seit dem 01.01.1993 Mitglied des Bundesverbandes Deutscher Versicherungsmakler (BDVM).<\/p>\t\t\t\t\t\t\t\t<\/div>\n\t\t\t\t<\/div>\n\t\t\t\t<\/div>\n\t\t\t\t\t<\/div>\n\t\t\t\t<\/div>\n\t\t<div class=\"elementor-element elementor-element-1f15596 e-flex e-con-boxed e-con e-parent\" data-id=\"1f15596\" data-element_type=\"container\" data-e-type=\"container\" data-settings=\"{&quot;background_background&quot;:&quot;classic&quot;}\">\n\t\t\t\t\t<div class=\"e-con-inner\">\n\t\t<div class=\"elementor-element elementor-element-6c4edb1 e-con-full animated-slow e-flex elementor-invisible e-con e-child\" data-id=\"6c4edb1\" data-element_type=\"container\" data-e-type=\"container\" data-settings=\"{&quot;animation&quot;:&quot;fadeInUp&quot;,&quot;animation_delay&quot;:200}\">\n\t\t\t\t<div class=\"elementor-element elementor-element-baeeba7 elementor-widget-divider--view-line elementor-widget elementor-widget-divider\" data-id=\"baeeba7\" data-element_type=\"widget\" data-e-type=\"widget\" data-widget_type=\"divider.default\">\n\t\t\t\t<div class=\"elementor-widget-container\">\n\t\t\t\t\t\t\t<div class=\"elementor-divider\">\n\t\t\t<span class=\"elementor-divider-separator\">\n\t\t\t\t\t\t<\/span>\n\t\t<\/div>\n\t\t\t\t\t\t<\/div>\n\t\t\t\t<\/div>\n\t\t\t\t<div class=\"elementor-element elementor-element-ba90074 elementor-widget elementor-widget-text-editor\" data-id=\"ba90074\" data-element_type=\"widget\" data-e-type=\"widget\" data-widget_type=\"text-editor.default\">\n\t\t\t\t<div class=\"elementor-widget-container\">\n\t\t\t\t\t\t\t\t\tIm Jahr 2023 haben sich die <strong style=\"color: #00365f;\">Marine Assekuranz GmbH<\/strong> und <a title=\"Fram Insurance Broker AS - Bringing you forward \u2013 securing your risks. At Fram Insurance Brokers it is our aim to secure the future of our customers by safeguarding their assets.\" href=\"https:\/\/www.framinsurance.no\/english\/home.aspx\" target=\"_blank\" rel=\"noopener\"><strong style=\"color: #00365f;\">Fram Insurance Brokers AS<\/strong><\/a> aus Norwegen unter dem Dach der <a title=\"Marine Alliance - We are your experts for insuring ships and transport worldwide. Leading Marine insurance brokers with decades of experience combine their expertise, experienc\" href=\"https:\/\/marine-alliance.no\/\" target=\"_blank\" rel=\"noopener\"><strong style=\"color: #00365f;\">Marine Alliance AS<\/strong><\/a> zusammengeschlossen, um ihre Erfahrung, Kompetenz und Branchenkenntnisse zu b\u00fcndeln.\t\t\t\t\t\t\t\t<\/div>\n\t\t\t\t<\/div>\n\t\t\t\t<\/div>\n\t\t\t\t\t<\/div>\n\t\t\t\t<\/div>\n\t\t<div class=\"elementor-element elementor-element-21c58f4 e-flex e-con-boxed e-con e-parent\" data-id=\"21c58f4\" data-element_type=\"container\" data-e-type=\"container\" data-settings=\"{&quot;background_background&quot;:&quot;classic&quot;}\">\n\t\t\t\t\t<div class=\"e-con-inner\">\n\t\t<div class=\"elementor-element elementor-element-ef905bd e-con-full animated-slow e-flex elementor-invisible e-con e-child\" data-id=\"ef905bd\" data-element_type=\"container\" data-e-type=\"container\" data-settings=\"{&quot;animation&quot;:&quot;fadeInUp&quot;,&quot;animation_delay&quot;:200}\">\n\t\t\t\t<div class=\"elementor-element elementor-element-dea2135 elementor-widget-divider--view-line elementor-widget elementor-widget-divider\" data-id=\"dea2135\" data-element_type=\"widget\" data-e-type=\"widget\" data-widget_type=\"divider.default\">\n\t\t\t\t<div class=\"elementor-widget-container\">\n\t\t\t\t\t\t\t<div class=\"elementor-divider\">\n\t\t\t<span class=\"elementor-divider-separator\">\n\t\t\t\t\t\t<\/span>\n\t\t<\/div>\n\t\t\t\t\t\t<\/div>\n\t\t\t\t<\/div>\n\t\t\t\t<div class=\"elementor-element elementor-element-b85f3ef elementor-widget elementor-widget-text-editor\" data-id=\"b85f3ef\" data-element_type=\"widget\" data-e-type=\"widget\" data-widget_type=\"text-editor.default\">\n\t\t\t\t<div class=\"elementor-widget-container\">\n\t\t\t\t\t\t\t\t\tIm Jahr 2025 schloss sich <a title=\"Speedwell Insurance Brokers Ltd. - Speedwell is a bespoke broking house operating in the London Market. The company was founded in 2006 to cater for the needs of Latin American clients.\" href=\"https:\/\/www.speedwellinsurancebrokers.com\/\" target=\"_blank\" rel=\"noopener\"><strong style=\"color: #00365f;\">Speedwell Insurance Brokers Ltd.<\/strong><\/a> der Marine Alliance AS an.\nDie Familienunternehmen <a title=\"S\u00f6derberg &amp; Partners - One of the Nordic region's leading financial advisers and brokers of insurance and financial services. Working today for a better tomorrow.\" href=\"https:\/\/www.soderbergpartners.se\/en\/\" target=\"_blank\" rel=\"noopener\"><strong style=\"color: #00365f;\">S\u00f6derberg &amp; Partners<\/strong><\/a> und <a title=\"MARTENS &amp; PRAHL GmbH - Als Partner der Wirtschaft ist es der Schwerpunkt unserer Arbeit, individuelle L\u00f6sungen f\u00fcr Mittelstand, Gewerbe, Industrie, Wohnungswirtschaft und Freie Berufe zu entwickeln.\" href=\"https:\/\/www.martens-prahl.de\/\" target=\"_blank\" rel=\"noopener\"><strong style=\"color: #00365f;\">Martens &amp; Prahl<\/strong><\/a> sowie die Gesch\u00e4ftsleitung von <strong style=\"color: #00365f;\">Marine Assekuranz<\/strong>, <a title=\"Speedwell Insurance Brokers Ltd. - Speedwell is a bespoke broking house operating in the London Market. The company was founded in 2006 to cater for the needs of Latin American clients.\" href=\"https:\/\/www.speedwellinsurancebrokers.com\/\" target=\"_blank\" rel=\"noopener\"><strong style=\"color: #00365f;\">Speedwell<\/strong><\/a> und <a title=\"Fram Insurance Broker AS - Bringing you forward \u2013 securing your risks. At Fram Insurance Brokers it is our aim to secure the future of our customers by safeguarding their assets.\" href=\"https:\/\/www.framinsurance.no\/english\/home.aspx\" target=\"_blank\" rel=\"noopener\"><strong style=\"color: #00365f;\">Fram<\/strong><\/a> sind als Gesellschafter der <a title=\"Marine Alliance - We are your experts for insuring ships and transport worldwide. Leading Marine insurance brokers with decades of experience combine their expertise, experienc\" href=\"https:\/\/marine-alliance.no\/\" target=\"_blank\" rel=\"noopener\"><strong style=\"color: #00365f;\">Marine Alliance AS<\/strong><\/a> beteiligt.\t\t\t\t\t\t\t\t<\/div>\n\t\t\t\t<\/div>\n\t\t\t\t<div class=\"elementor-element elementor-element-5595389 elementor-widget elementor-widget-image\" data-id=\"5595389\" data-element_type=\"widget\" data-e-type=\"widget\" data-widget_type=\"image.default\">\n\t\t\t\t<div class=\"elementor-widget-container\">\n\t\t\t\t\t\t\t\t\t\t\t\t\t\t\t<img fetchpriority=\"high\" decoding=\"async\" width=\"800\" height=\"543\" src=\"https:\/\/marine-assekuranz.de\/wp-content\/uploads\/2026\/03\/marine-alliance-marine-assekuranz-speedwell-fram.jpg\" class=\"attachment-large size-large wp-image-2230\" alt=\"\" srcset=\"https:\/\/marine-assekuranz.de\/wp-content\/uploads\/2026\/03\/marine-alliance-marine-assekuranz-speedwell-fram.jpg 824w, https:\/\/marine-assekuranz.de\/wp-content\/uploads\/2026\/03\/marine-alliance-marine-assekuranz-speedwell-fram-300x204.jpg 300w, https:\/\/marine-assekuranz.de\/wp-content\/uploads\/2026\/03\/marine-alliance-marine-assekuranz-speedwell-fram-768x521.jpg 768w, https:\/\/marine-assekuranz.de\/wp-content\/uploads\/2026\/03\/marine-alliance-marine-assekuranz-speedwell-fram-18x12.jpg 18w\" sizes=\"(max-width: 800px) 100vw, 800px\" \/>\t\t\t\t\t\t\t\t\t\t\t\t\t\t\t<\/div>\n\t\t\t\t<\/div>\n\t\t\t\t<\/div>\n\t\t\t\t\t<\/div>\n\t\t\t\t<\/div>\n\t\t<div class=\"elementor-element elementor-element-aebd8d8 e-flex e-con-boxed e-con e-parent\" data-id=\"aebd8d8\" data-element_type=\"container\" data-e-type=\"container\" data-settings=\"{&quot;background_background&quot;:&quot;classic&quot;}\">\n\t\t\t\t\t<div class=\"e-con-inner\">\n\t\t\t\t<div class=\"elementor-element elementor-element-d7bcd25 elementor-widget elementor-widget-spacer\" data-id=\"d7bcd25\" data-element_type=\"widget\" data-e-type=\"widget\" data-widget_type=\"spacer.default\">\n\t\t\t\t<div class=\"elementor-widget-container\">\n\t\t\t\t\t\t\t<div class=\"elementor-spacer\">\n\t\t\t<div class=\"elementor-spacer-inner\"><\/div>\n\t\t<\/div>\n\t\t\t\t\t\t<\/div>\n\t\t\t\t<\/div>\n\t\t\t\t\t<\/div>\n\t\t\t\t<\/div>\n\t\t\t\t<\/div>\n\t\t","protected":false},"excerpt":{"rendered":"<p>Fakten Die MARINE Assekuranz GmbH ist ein transparenter und international arbeitender Versicherungsmakler mit Schwerpunkt Schiffs- und Transportversicherungen. Das Unternehmen mit Sitz in Hamburg wurde 1982 gegr\u00fcndet und ist seit 1989 Mitglied der Versicherungsmakler-Gruppe MARTENS &amp; PRAHL Versicherungskontor GmbH &amp; Co. KG. Als hanseatischer Versicherungsmakler sind wir sowohl national als auch international bestens aufgestellt: Wir sind [&hellip;]<\/p>\n","protected":false},"author":1,"featured_media":0,"parent":0,"menu_order":0,"comment_status":"closed","ping_status":"closed","template":"elementor_header_footer","meta":{"_acf_changed":false,"inline_featured_image":false,"footnotes":""},"class_list":["post-1966","page","type-page","status-publish","hentry"],"acf":[],"yoast_head":"<!-- This site is optimized with the Yoast SEO plugin v27.4 - https:\/\/yoast.com\/product\/yoast-seo-wordpress\/ -->\n<title>Fakten Redesign - MARINE Assekuranz GmbH Versicherungsmakler<\/title>\n<meta name=\"robots\" content=\"index, follow, max-snippet:-1, max-image-preview:large, max-video-preview:-1\" \/>\n<link rel=\"canonical\" href=\"https:\/\/marine-assekuranz.de\/en\/fakten-redesign\/\" \/>\n<meta property=\"og:locale\" content=\"en_US\" \/>\n<meta property=\"og:type\" content=\"article\" \/>\n<meta property=\"og:title\" content=\"Fakten Redesign - MARINE Assekuranz GmbH Versicherungsmakler\" \/>\n<meta property=\"og:description\" content=\"Fakten Die MARINE Assekuranz GmbH ist ein transparenter und international arbeitender Versicherungsmakler mit Schwerpunkt Schiffs- und Transportversicherungen. Das Unternehmen mit Sitz in Hamburg wurde 1982 gegr\u00fcndet und ist seit 1989 Mitglied der Versicherungsmakler-Gruppe MARTENS &amp; PRAHL Versicherungskontor GmbH &amp; Co. KG. Als hanseatischer Versicherungsmakler sind wir sowohl national als auch international bestens aufgestellt: Wir sind [&hellip;]\" \/>\n<meta property=\"og:url\" content=\"https:\/\/marine-assekuranz.de\/en\/fakten-redesign\/\" \/>\n<meta property=\"og:site_name\" content=\"MARINE Assekuranz GmbH Versicherungsmakler\" \/>\n<meta property=\"article:modified_time\" content=\"2026-04-09T13:19:51+00:00\" \/>\n<meta property=\"og:image\" content=\"https:\/\/marine-assekuranz.de\/wp-content\/uploads\/2026\/03\/marine-alliance-marine-assekuranz-speedwell-fram.jpg\" \/>\n\t<meta property=\"og:image:width\" content=\"824\" \/>\n\t<meta property=\"og:image:height\" content=\"559\" \/>\n\t<meta property=\"og:image:type\" content=\"image\/jpeg\" \/>\n<meta name=\"twitter:card\" content=\"summary_large_image\" \/>\n<meta name=\"twitter:label1\" content=\"Est. reading time\" \/>\n\t<meta name=\"twitter:data1\" content=\"2 minutes\" \/>\n<script type=\"application\/ld+json\" class=\"yoast-schema-graph\">{\"@context\":\"https:\\\/\\\/schema.org\",\"@graph\":[{\"@type\":\"WebPage\",\"@id\":\"https:\\\/\\\/marine-assekuranz.de\\\/fakten-redesign\\\/\",\"url\":\"https:\\\/\\\/marine-assekuranz.de\\\/fakten-redesign\\\/\",\"name\":\"Fakten Redesign - MARINE Assekuranz GmbH Versicherungsmakler\",\"isPartOf\":{\"@id\":\"https:\\\/\\\/marine-assekuranz.de\\\/#website\"},\"primaryImageOfPage\":{\"@id\":\"https:\\\/\\\/marine-assekuranz.de\\\/fakten-redesign\\\/#primaryimage\"},\"image\":{\"@id\":\"https:\\\/\\\/marine-assekuranz.de\\\/fakten-redesign\\\/#primaryimage\"},\"thumbnailUrl\":\"https:\\\/\\\/marine-assekuranz.de\\\/wp-content\\\/uploads\\\/2026\\\/03\\\/marine-alliance-marine-assekuranz-speedwell-fram.jpg\",\"datePublished\":\"2026-02-24T14:26:32+00:00\",\"dateModified\":\"2026-04-09T13:19:51+00:00\",\"breadcrumb\":{\"@id\":\"https:\\\/\\\/marine-assekuranz.de\\\/fakten-redesign\\\/#breadcrumb\"},\"inLanguage\":\"en-US\",\"potentialAction\":[{\"@type\":\"ReadAction\",\"target\":[\"https:\\\/\\\/marine-assekuranz.de\\\/fakten-redesign\\\/\"]}]},{\"@type\":\"ImageObject\",\"inLanguage\":\"en-US\",\"@id\":\"https:\\\/\\\/marine-assekuranz.de\\\/fakten-redesign\\\/#primaryimage\",\"url\":\"https:\\\/\\\/marine-assekuranz.de\\\/wp-content\\\/uploads\\\/2026\\\/03\\\/marine-alliance-marine-assekuranz-speedwell-fram.jpg\",\"contentUrl\":\"https:\\\/\\\/marine-assekuranz.de\\\/wp-content\\\/uploads\\\/2026\\\/03\\\/marine-alliance-marine-assekuranz-speedwell-fram.jpg\"},{\"@type\":\"BreadcrumbList\",\"@id\":\"https:\\\/\\\/marine-assekuranz.de\\\/fakten-redesign\\\/#breadcrumb\",\"itemListElement\":[{\"@type\":\"ListItem\",\"position\":1,\"name\":\"Startseite\",\"item\":\"https:\\\/\\\/marine-assekuranz.de\\\/\"},{\"@type\":\"ListItem\",\"position\":2,\"name\":\"Fakten Redesign\"}]},{\"@type\":\"WebSite\",\"@id\":\"https:\\\/\\\/marine-assekuranz.de\\\/#website\",\"url\":\"https:\\\/\\\/marine-assekuranz.de\\\/\",\"name\":\"MARINE Assekuranz GmbH Versicherungsmakler\",\"description\":\"Schifffahrt und Seetransporte sicher versichern\",\"publisher\":{\"@id\":\"https:\\\/\\\/marine-assekuranz.de\\\/#organization\"},\"potentialAction\":[{\"@type\":\"SearchAction\",\"target\":{\"@type\":\"EntryPoint\",\"urlTemplate\":\"https:\\\/\\\/marine-assekuranz.de\\\/?s={search_term_string}\"},\"query-input\":{\"@type\":\"PropertyValueSpecification\",\"valueRequired\":true,\"valueName\":\"search_term_string\"}}],\"inLanguage\":\"en-US\"},{\"@type\":\"Organization\",\"@id\":\"https:\\\/\\\/marine-assekuranz.de\\\/#organization\",\"name\":\"Marine Assekuranz GmbH\",\"url\":\"https:\\\/\\\/marine-assekuranz.de\\\/\",\"logo\":{\"@type\":\"ImageObject\",\"inLanguage\":\"en-US\",\"@id\":\"https:\\\/\\\/marine-assekuranz.de\\\/#\\\/schema\\\/logo\\\/image\\\/\",\"url\":\"https:\\\/\\\/marine-assekuranz.de\\\/wp-content\\\/uploads\\\/2020\\\/09\\\/Logo_MA_en_500.png\",\"contentUrl\":\"https:\\\/\\\/marine-assekuranz.de\\\/wp-content\\\/uploads\\\/2020\\\/09\\\/Logo_MA_en_500.png\",\"width\":500,\"height\":100,\"caption\":\"Marine Assekuranz GmbH\"},\"image\":{\"@id\":\"https:\\\/\\\/marine-assekuranz.de\\\/#\\\/schema\\\/logo\\\/image\\\/\"}}]}<\/script>\n<!-- \/ Yoast SEO plugin. -->","yoast_head_json":{"title":"Fakten Redesign - MARINE Assekuranz GmbH Versicherungsmakler","robots":{"index":"index","follow":"follow","max-snippet":"max-snippet:-1","max-image-preview":"max-image-preview:large","max-video-preview":"max-video-preview:-1"},"canonical":"https:\/\/marine-assekuranz.de\/en\/fakten-redesign\/","og_locale":"en_US","og_type":"article","og_title":"Fakten Redesign - MARINE Assekuranz GmbH Versicherungsmakler","og_description":"Fakten Die MARINE Assekuranz GmbH ist ein transparenter und international arbeitender Versicherungsmakler mit Schwerpunkt Schiffs- und Transportversicherungen. Das Unternehmen mit Sitz in Hamburg wurde 1982 gegr\u00fcndet und ist seit 1989 Mitglied der Versicherungsmakler-Gruppe MARTENS &amp; PRAHL Versicherungskontor GmbH &amp; Co. KG. Als hanseatischer Versicherungsmakler sind wir sowohl national als auch international bestens aufgestellt: Wir sind [&hellip;]","og_url":"https:\/\/marine-assekuranz.de\/en\/fakten-redesign\/","og_site_name":"MARINE Assekuranz GmbH Versicherungsmakler","article_modified_time":"2026-04-09T13:19:51+00:00","og_image":[{"width":824,"height":559,"url":"https:\/\/marine-assekuranz.de\/wp-content\/uploads\/2026\/03\/marine-alliance-marine-assekuranz-speedwell-fram.jpg","type":"image\/jpeg"}],"twitter_card":"summary_large_image","twitter_misc":{"Est. reading time":"2 minutes"},"schema":{"@context":"https:\/\/schema.org","@graph":[{"@type":"WebPage","@id":"https:\/\/marine-assekuranz.de\/fakten-redesign\/","url":"https:\/\/marine-assekuranz.de\/fakten-redesign\/","name":"Fakten Redesign - MARINE Assekuranz GmbH Versicherungsmakler","isPartOf":{"@id":"https:\/\/marine-assekuranz.de\/#website"},"primaryImageOfPage":{"@id":"https:\/\/marine-assekuranz.de\/fakten-redesign\/#primaryimage"},"image":{"@id":"https:\/\/marine-assekuranz.de\/fakten-redesign\/#primaryimage"},"thumbnailUrl":"https:\/\/marine-assekuranz.de\/wp-content\/uploads\/2026\/03\/marine-alliance-marine-assekuranz-speedwell-fram.jpg","datePublished":"2026-02-24T14:26:32+00:00","dateModified":"2026-04-09T13:19:51+00:00","breadcrumb":{"@id":"https:\/\/marine-assekuranz.de\/fakten-redesign\/#breadcrumb"},"inLanguage":"en-US","potentialAction":[{"@type":"ReadAction","target":["https:\/\/marine-assekuranz.de\/fakten-redesign\/"]}]},{"@type":"ImageObject","inLanguage":"en-US","@id":"https:\/\/marine-assekuranz.de\/fakten-redesign\/#primaryimage","url":"https:\/\/marine-assekuranz.de\/wp-content\/uploads\/2026\/03\/marine-alliance-marine-assekuranz-speedwell-fram.jpg","contentUrl":"https:\/\/marine-assekuranz.de\/wp-content\/uploads\/2026\/03\/marine-alliance-marine-assekuranz-speedwell-fram.jpg"},{"@type":"BreadcrumbList","@id":"https:\/\/marine-assekuranz.de\/fakten-redesign\/#breadcrumb","itemListElement":[{"@type":"ListItem","position":1,"name":"Startseite","item":"https:\/\/marine-assekuranz.de\/"},{"@type":"ListItem","position":2,"name":"Fakten Redesign"}]},{"@type":"WebSite","@id":"https:\/\/marine-assekuranz.de\/#website","url":"https:\/\/marine-assekuranz.de\/","name":"MARINE Assekuranz GmbH Versicherungsmakler","description":"Schifffahrt und Seetransporte sicher versichern","publisher":{"@id":"https:\/\/marine-assekuranz.de\/#organization"},"potentialAction":[{"@type":"SearchAction","target":{"@type":"EntryPoint","urlTemplate":"https:\/\/marine-assekuranz.de\/?s={search_term_string}"},"query-input":{"@type":"PropertyValueSpecification","valueRequired":true,"valueName":"search_term_string"}}],"inLanguage":"en-US"},{"@type":"Organization","@id":"https:\/\/marine-assekuranz.de\/#organization","name":"Marine Assekuranz GmbH","url":"https:\/\/marine-assekuranz.de\/","logo":{"@type":"ImageObject","inLanguage":"en-US","@id":"https:\/\/marine-assekuranz.de\/#\/schema\/logo\/image\/","url":"https:\/\/marine-assekuranz.de\/wp-content\/uploads\/2020\/09\/Logo_MA_en_500.png","contentUrl":"https:\/\/marine-assekuranz.de\/wp-content\/uploads\/2020\/09\/Logo_MA_en_500.png","width":500,"height":100,"caption":"Marine Assekuranz GmbH"},"image":{"@id":"https:\/\/marine-assekuranz.de\/#\/schema\/logo\/image\/"}}]}},"_links":{"self":[{"href":"https:\/\/marine-assekuranz.de\/en\/wp-json\/wp\/v2\/pages\/1966","targetHints":{"allow":["GET"]}}],"collection":[{"href":"https:\/\/marine-assekuranz.de\/en\/wp-json\/wp\/v2\/pages"}],"about":[{"href":"https:\/\/marine-assekuranz.de\/en\/wp-json\/wp\/v2\/types\/page"}],"author":[{"embeddable":true,"href":"https:\/\/marine-assekuranz.de\/en\/wp-json\/wp\/v2\/users\/1"}],"replies":[{"embeddable":true,"href":"https:\/\/marine-assekuranz.de\/en\/wp-json\/wp\/v2\/comments?post=1966"}],"version-history":[{"count":49,"href":"https:\/\/marine-assekuranz.de\/en\/wp-json\/wp\/v2\/pages\/1966\/revisions"}],"predecessor-version":[{"id":2348,"href":"https:\/\/marine-assekuranz.de\/en\/wp-json\/wp\/v2\/pages\/1966\/revisions\/2348"}],"wp:attachment":[{"href":"https:\/\/marine-assekuranz.de\/en\/wp-json\/wp\/v2\/media?parent=1966"}],"curies":[{"name":"wp","href":"https:\/\/api.w.org\/{rel}","templated":true}]}}