{"id":596,"date":"2020-09-01T11:50:08","date_gmt":"2020-09-01T09:50:08","guid":{"rendered":"https:\/\/marine-assekuranz.de\/?page_id=596"},"modified":"2020-10-06T15:12:53","modified_gmt":"2020-10-06T13:12:53","slug":"basiskriegs-versicherung","status":"publish","type":"page","link":"https:\/\/marine-assekuranz.de\/en\/unsere-leistungen-und-produkte-im-ueberblick\/basiskriegs-versicherung\/","title":{"rendered":"Basic War Insurance"},"content":{"rendered":"<div data-elementor-type=\"wp-page\" data-elementor-id=\"596\" class=\"elementor elementor-596\" data-elementor-post-type=\"page\">\n\t\t\t\t\t\t<section class=\"elementor-section elementor-top-section elementor-element elementor-element-5aa11dcd elementor-section-full_width elementor-section-height-default elementor-section-height-default\" data-id=\"5aa11dcd\" data-element_type=\"section\" data-e-type=\"section\" data-settings=\"{&quot;background_background&quot;:&quot;classic&quot;}\">\n\t\t\t\t\t\t<div class=\"elementor-container elementor-column-gap-default\">\n\t\t\t\t\t<div class=\"elementor-column elementor-col-100 elementor-top-column elementor-element elementor-element-2c43249\" data-id=\"2c43249\" data-element_type=\"column\" data-e-type=\"column\">\n\t\t\t<div class=\"elementor-widget-wrap elementor-element-populated\">\n\t\t\t\t\t\t<section class=\"elementor-section elementor-inner-section elementor-element elementor-element-e85d6cc elementor-section-boxed elementor-section-height-default elementor-section-height-default\" data-id=\"e85d6cc\" data-element_type=\"section\" data-e-type=\"section\">\n\t\t\t\t\t\t<div class=\"elementor-container elementor-column-gap-default\">\n\t\t\t\t\t<div class=\"elementor-column elementor-col-50 elementor-inner-column elementor-element elementor-element-3f50d76e\" data-id=\"3f50d76e\" data-element_type=\"column\" data-e-type=\"column\">\n\t\t\t<div class=\"elementor-widget-wrap\">\n\t\t\t\t\t\t\t<\/div>\n\t\t<\/div>\n\t\t\t\t<div class=\"elementor-column elementor-col-50 elementor-inner-column elementor-element elementor-element-51862c57\" data-id=\"51862c57\" data-element_type=\"column\" data-e-type=\"column\">\n\t\t\t<div class=\"elementor-widget-wrap elementor-element-populated\">\n\t\t\t\t\t\t<div class=\"elementor-element elementor-element-56746de5 elementor-align-right elementor-invisible elementor-widget elementor-widget-breadcrumbs\" data-id=\"56746de5\" data-element_type=\"widget\" data-e-type=\"widget\" data-settings=\"{&quot;_animation&quot;:&quot;fadeIn&quot;}\" data-widget_type=\"breadcrumbs.default\">\n\t\t\t\t<div class=\"elementor-widget-container\">\n\t\t\t\t\t<p id=\"breadcrumbs\"><span><span><a href=\"https:\/\/marine-assekuranz.de\/en\/\">Home<\/a><\/span><\/span><\/p>\t\t\t\t<\/div>\n\t\t\t\t<\/div>\n\t\t\t\t\t<\/div>\n\t\t<\/div>\n\t\t\t\t\t<\/div>\n\t\t<\/section>\n\t\t\t\t\t<\/div>\n\t\t<\/div>\n\t\t\t\t\t<\/div>\n\t\t<\/section>\n\t\t\t\t<section class=\"elementor-section elementor-top-section elementor-element elementor-element-50ec592d elementor-section-boxed elementor-section-height-default elementor-section-height-default elementor-invisible\" data-id=\"50ec592d\" data-element_type=\"section\" data-e-type=\"section\" data-settings=\"{&quot;animation&quot;:&quot;fadeInUp&quot;}\">\n\t\t\t\t\t\t<div class=\"elementor-container elementor-column-gap-default\">\n\t\t\t\t\t<div class=\"elementor-column elementor-col-100 elementor-top-column elementor-element elementor-element-783aa219\" data-id=\"783aa219\" data-element_type=\"column\" data-e-type=\"column\">\n\t\t\t<div class=\"elementor-widget-wrap elementor-element-populated\">\n\t\t\t\t\t\t<section class=\"elementor-section elementor-inner-section elementor-element elementor-element-1d2695cb elementor-section-boxed elementor-section-height-default elementor-section-height-default\" data-id=\"1d2695cb\" data-element_type=\"section\" data-e-type=\"section\">\n\t\t\t\t\t\t<div class=\"elementor-container elementor-column-gap-default\">\n\t\t\t\t\t<div class=\"elementor-column elementor-col-50 elementor-inner-column elementor-element elementor-element-72133f4e\" data-id=\"72133f4e\" data-element_type=\"column\" data-e-type=\"column\">\n\t\t\t<div class=\"elementor-widget-wrap elementor-element-populated\">\n\t\t\t\t\t\t<div class=\"elementor-element elementor-element-6d36a3c1 elementor-widget elementor-widget-image\" data-id=\"6d36a3c1\" data-element_type=\"widget\" data-e-type=\"widget\" data-widget_type=\"image.default\">\n\t\t\t\t<div class=\"elementor-widget-container\">\n\t\t\t\t\t\t\t\t\t\t\t\t\t\t\t<img fetchpriority=\"high\" decoding=\"async\" width=\"800\" height=\"467\" src=\"https:\/\/marine-assekuranz.de\/wp-content\/uploads\/2020\/08\/Kriegsversicherung.jpg\" class=\"attachment-large size-large wp-image-259\" alt=\"title image: Kriegsversicherung\" srcset=\"https:\/\/marine-assekuranz.de\/wp-content\/uploads\/2020\/08\/Kriegsversicherung.jpg 800w, https:\/\/marine-assekuranz.de\/wp-content\/uploads\/2020\/08\/Kriegsversicherung-300x175.jpg 300w, https:\/\/marine-assekuranz.de\/wp-content\/uploads\/2020\/08\/Kriegsversicherung-768x448.jpg 768w\" sizes=\"(max-width: 800px) 100vw, 800px\" \/>\t\t\t\t\t\t\t\t\t\t\t\t\t\t\t<\/div>\n\t\t\t\t<\/div>\n\t\t\t\t\t<\/div>\n\t\t<\/div>\n\t\t\t\t<div class=\"elementor-column elementor-col-50 elementor-inner-column elementor-element elementor-element-4ce51c02\" data-id=\"4ce51c02\" data-element_type=\"column\" data-e-type=\"column\">\n\t\t\t<div class=\"elementor-widget-wrap elementor-element-populated\">\n\t\t\t\t\t\t<div class=\"elementor-element elementor-element-5e6fdcda elementor-widget elementor-widget-text-editor\" data-id=\"5e6fdcda\" data-element_type=\"widget\" data-e-type=\"widget\" data-widget_type=\"text-editor.default\">\n\t\t\t\t<div class=\"elementor-widget-container\">\n\t\t\t\t\t\t\t\t\t<p>War insurance is separate insurance coverage against loss or damage to the ship caused by acts of war. This includes damages due to items left behind from previous acts of war, terrorist attacks, riots, rebellions, and piracy.<\/p><p>But the war insurers also exclude vulnerable shipping routes, so-called 'Listed Areas' (http:\/\/www.lmalloyds.com\/jointwar), from basic war insurance protection. Calls to these excluded areas must be indicated to the insurer in advance in order to maintain the insurance coverage.<a href=\"http:\/\/www.lmalloyds.com\/jointwar\" target=\"_blank\" rel=\"noopener\">http:\/\/www.lmalloyds.com\/jointwar<\/a>) vom Basiskriegsschutz aus. Das Anlaufen dieser Ausschlussgebiete muss dem Versicherer vorher angezeigt werden, um den Versicherungsschutz aufrecht zu halten.<\/p><p>War insurance should also include cover for the daily indemnity of the loss of hire insuranceagainst piracy, since piracy risks are  is excluded from conventional loss of hire insurance.<\/p>\t\t\t\t\t\t\t\t<\/div>\n\t\t\t\t<\/div>\n\t\t\t\t\t<\/div>\n\t\t<\/div>\n\t\t\t\t\t<\/div>\n\t\t<\/section>\n\t\t\t\t\t<\/div>\n\t\t<\/div>\n\t\t\t\t\t<\/div>\n\t\t<\/section>\n\t\t\t\t<section class=\"elementor-section elementor-top-section elementor-element elementor-element-6bd4fd4f elementor-section-boxed elementor-section-height-default elementor-section-height-default\" data-id=\"6bd4fd4f\" data-element_type=\"section\" data-e-type=\"section\">\n\t\t\t\t\t\t<div class=\"elementor-container elementor-column-gap-default\">\n\t\t\t\t\t<div class=\"elementor-column elementor-col-100 elementor-top-column elementor-element elementor-element-26fff713\" data-id=\"26fff713\" data-element_type=\"column\" data-e-type=\"column\">\n\t\t\t<div class=\"elementor-widget-wrap elementor-element-populated\">\n\t\t\t\t\t\t<div class=\"elementor-element elementor-element-12938908 elementor-align-left elementor-widget elementor-widget-button\" data-id=\"12938908\" data-element_type=\"widget\" data-e-type=\"widget\" data-widget_type=\"button.default\">\n\t\t\t\t<div class=\"elementor-widget-container\">\n\t\t\t\t\t\t\t\t\t<div class=\"elementor-button-wrapper\">\n\t\t\t\t\t<a class=\"elementor-button elementor-button-link elementor-size-sm\" href=\"\/en\/unsere-leistungen-und-produkte-im-ueberblick\/\">\n\t\t\t\t\t\t<span class=\"elementor-button-content-wrapper\">\n\t\t\t\t\t\t\t\t\t<span class=\"elementor-button-text\">back to overview<\/span>\n\t\t\t\t\t<\/span>\n\t\t\t\t\t<\/a>\n\t\t\t\t<\/div>\n\t\t\t\t\t\t\t\t<\/div>\n\t\t\t\t<\/div>\n\t\t\t\t\t<\/div>\n\t\t<\/div>\n\t\t\t\t\t<\/div>\n\t\t<\/section>\n\t\t\t\t<section class=\"elementor-section elementor-top-section elementor-element elementor-element-2baecb2 elementor-section-boxed elementor-section-height-default elementor-section-height-default\" data-id=\"2baecb2\" data-element_type=\"section\" data-e-type=\"section\">\n\t\t\t\t\t\t<div class=\"elementor-container elementor-column-gap-default\">\n\t\t\t\t\t<div class=\"elementor-column elementor-col-100 elementor-top-column elementor-element elementor-element-2aff532\" data-id=\"2aff532\" data-element_type=\"column\" data-e-type=\"column\">\n\t\t\t<div class=\"elementor-widget-wrap elementor-element-populated\">\n\t\t\t\t\t\t<div class=\"elementor-element elementor-element-b1a10e2 elementor-widget elementor-widget-spacer\" data-id=\"b1a10e2\" data-element_type=\"widget\" data-e-type=\"widget\" data-widget_type=\"spacer.default\">\n\t\t\t\t<div class=\"elementor-widget-container\">\n\t\t\t\t\t\t\t<div class=\"elementor-spacer\">\n\t\t\t<div class=\"elementor-spacer-inner\"><\/div>\n\t\t<\/div>\n\t\t\t\t\t\t<\/div>\n\t\t\t\t<\/div>\n\t\t\t\t\t<\/div>\n\t\t<\/div>\n\t\t\t\t\t<\/div>\n\t\t<\/section>\n\t\t\t\t<\/div>","protected":false},"excerpt":{"rendered":"<p>Die Kriegsversicherung ist eine separate Versicherungsdeckung gegen den Verlust oder die Besch\u00e4digung des Schiffes, die durch Kriegshandlungen verursacht werden. Das schlie\u00dft auch Sch\u00e4den durch hinterlassene Gegenst\u00e4nde von fr\u00fcheren Kriegshandlungen, Terroranschl\u00e4ge, Unruhen, Aufst\u00e4nde und Piraterie ein. Aber auch die Kriegsversicherer schlie\u00dfen besonders gef\u00e4hrdete Fahrtgebiete als sogenannte \u201cListed Areas\u201c (http:\/\/www.lmalloyds.com\/jointwar) vom Basiskriegsschutz aus. Das Anlaufen dieser Ausschlussgebiete [&hellip;]<\/p>\n","protected":false},"author":1,"featured_media":0,"parent":579,"menu_order":0,"comment_status":"closed","ping_status":"closed","template":"","meta":{"_acf_changed":false,"inline_featured_image":false,"footnotes":""},"class_list":["post-596","page","type-page","status-publish","hentry"],"acf":[],"yoast_head":"<!-- This site is optimized with the Yoast SEO plugin v27.5 - https:\/\/yoast.com\/product\/yoast-seo-wordpress\/ -->\n<title>Basiskriegs-Versicherung - MARINE Assekuranz GmbH Versicherungsmakler<\/title>\n<meta name=\"description\" content=\"Die Kriegsversicherung ist eine separate Versicherungsdeckung gegen den Verlust oder die Besch\u00e4digung des Schiffes\" \/>\n<meta name=\"robots\" content=\"index, follow, max-snippet:-1, max-image-preview:large, max-video-preview:-1\" \/>\n<link rel=\"canonical\" href=\"https:\/\/marine-assekuranz.de\/en\/unsere-leistungen-und-produkte-im-ueberblick\/basiskriegs-versicherung\/\" \/>\n<meta property=\"og:locale\" content=\"en_US\" \/>\n<meta property=\"og:type\" content=\"article\" \/>\n<meta property=\"og:title\" content=\"Basiskriegs-Versicherung - MARINE Assekuranz GmbH Versicherungsmakler\" \/>\n<meta property=\"og:description\" content=\"Die Kriegsversicherung ist eine separate Versicherungsdeckung gegen den Verlust oder die Besch\u00e4digung des Schiffes\" \/>\n<meta property=\"og:url\" content=\"https:\/\/marine-assekuranz.de\/en\/unsere-leistungen-und-produkte-im-ueberblick\/basiskriegs-versicherung\/\" \/>\n<meta property=\"og:site_name\" content=\"MARINE Assekuranz GmbH Versicherungsmakler\" \/>\n<meta property=\"article:modified_time\" content=\"2020-10-06T13:12:53+00:00\" \/>\n<meta property=\"og:image\" content=\"https:\/\/marine-assekuranz.de\/wp-content\/uploads\/2020\/08\/Kriegsversicherung.jpg\" \/>\n<meta name=\"twitter:card\" content=\"summary_large_image\" \/>\n<meta name=\"twitter:label1\" content=\"Est. reading time\" \/>\n\t<meta name=\"twitter:data1\" content=\"1 minute\" \/>\n<script type=\"application\/ld+json\" class=\"yoast-schema-graph\">{\"@context\":\"https:\\\/\\\/schema.org\",\"@graph\":[{\"@type\":\"WebPage\",\"@id\":\"https:\\\/\\\/marine-assekuranz.de\\\/unsere-leistungen-und-produkte-im-ueberblick\\\/basiskriegs-versicherung\\\/\",\"url\":\"https:\\\/\\\/marine-assekuranz.de\\\/unsere-leistungen-und-produkte-im-ueberblick\\\/basiskriegs-versicherung\\\/\",\"name\":\"Basiskriegs-Versicherung - MARINE Assekuranz GmbH Versicherungsmakler\",\"isPartOf\":{\"@id\":\"https:\\\/\\\/marine-assekuranz.de\\\/#website\"},\"primaryImageOfPage\":{\"@id\":\"https:\\\/\\\/marine-assekuranz.de\\\/unsere-leistungen-und-produkte-im-ueberblick\\\/basiskriegs-versicherung\\\/#primaryimage\"},\"image\":{\"@id\":\"https:\\\/\\\/marine-assekuranz.de\\\/unsere-leistungen-und-produkte-im-ueberblick\\\/basiskriegs-versicherung\\\/#primaryimage\"},\"thumbnailUrl\":\"https:\\\/\\\/marine-assekuranz.de\\\/wp-content\\\/uploads\\\/2020\\\/08\\\/Kriegsversicherung.jpg\",\"datePublished\":\"2020-09-01T09:50:08+00:00\",\"dateModified\":\"2020-10-06T13:12:53+00:00\",\"description\":\"Die Kriegsversicherung ist eine separate Versicherungsdeckung gegen den Verlust oder die Besch\u00e4digung des Schiffes\",\"breadcrumb\":{\"@id\":\"https:\\\/\\\/marine-assekuranz.de\\\/unsere-leistungen-und-produkte-im-ueberblick\\\/basiskriegs-versicherung\\\/#breadcrumb\"},\"inLanguage\":\"en-US\",\"potentialAction\":[{\"@type\":\"ReadAction\",\"target\":[\"https:\\\/\\\/marine-assekuranz.de\\\/unsere-leistungen-und-produkte-im-ueberblick\\\/basiskriegs-versicherung\\\/\"]}]},{\"@type\":\"ImageObject\",\"inLanguage\":\"en-US\",\"@id\":\"https:\\\/\\\/marine-assekuranz.de\\\/unsere-leistungen-und-produkte-im-ueberblick\\\/basiskriegs-versicherung\\\/#primaryimage\",\"url\":\"https:\\\/\\\/marine-assekuranz.de\\\/wp-content\\\/uploads\\\/2020\\\/08\\\/Kriegsversicherung.jpg\",\"contentUrl\":\"https:\\\/\\\/marine-assekuranz.de\\\/wp-content\\\/uploads\\\/2020\\\/08\\\/Kriegsversicherung.jpg\"},{\"@type\":\"BreadcrumbList\",\"@id\":\"https:\\\/\\\/marine-assekuranz.de\\\/unsere-leistungen-und-produkte-im-ueberblick\\\/basiskriegs-versicherung\\\/#breadcrumb\",\"itemListElement\":[{\"@type\":\"ListItem\",\"position\":1,\"name\":\"Startseite\",\"item\":\"https:\\\/\\\/marine-assekuranz.de\\\/\"},{\"@type\":\"ListItem\",\"position\":2,\"name\":\"Produkte\",\"item\":\"https:\\\/\\\/marine-assekuranz.de\\\/unsere-leistungen-und-produkte-im-ueberblick\\\/\"},{\"@type\":\"ListItem\",\"position\":3,\"name\":\"Basiskriegs-Versicherung\"}]},{\"@type\":\"WebSite\",\"@id\":\"https:\\\/\\\/marine-assekuranz.de\\\/#website\",\"url\":\"https:\\\/\\\/marine-assekuranz.de\\\/\",\"name\":\"MARINE Assekuranz GmbH Versicherungsmakler\",\"description\":\"Schifffahrt und Seetransporte sicher versichern\",\"publisher\":{\"@id\":\"https:\\\/\\\/marine-assekuranz.de\\\/#organization\"},\"potentialAction\":[{\"@type\":\"SearchAction\",\"target\":{\"@type\":\"EntryPoint\",\"urlTemplate\":\"https:\\\/\\\/marine-assekuranz.de\\\/?s={search_term_string}\"},\"query-input\":{\"@type\":\"PropertyValueSpecification\",\"valueRequired\":true,\"valueName\":\"search_term_string\"}}],\"inLanguage\":\"en-US\"},{\"@type\":\"Organization\",\"@id\":\"https:\\\/\\\/marine-assekuranz.de\\\/#organization\",\"name\":\"Marine Assekuranz GmbH\",\"url\":\"https:\\\/\\\/marine-assekuranz.de\\\/\",\"logo\":{\"@type\":\"ImageObject\",\"inLanguage\":\"en-US\",\"@id\":\"https:\\\/\\\/marine-assekuranz.de\\\/#\\\/schema\\\/logo\\\/image\\\/\",\"url\":\"https:\\\/\\\/marine-assekuranz.de\\\/wp-content\\\/uploads\\\/2020\\\/09\\\/Logo_MA_en_500.png\",\"contentUrl\":\"https:\\\/\\\/marine-assekuranz.de\\\/wp-content\\\/uploads\\\/2020\\\/09\\\/Logo_MA_en_500.png\",\"width\":500,\"height\":100,\"caption\":\"Marine Assekuranz GmbH\"},\"image\":{\"@id\":\"https:\\\/\\\/marine-assekuranz.de\\\/#\\\/schema\\\/logo\\\/image\\\/\"}}]}<\/script>\n<!-- \/ Yoast SEO plugin. -->","yoast_head_json":{"title":"Basiskriegs-Versicherung - MARINE Assekuranz GmbH Versicherungsmakler","description":"Die Kriegsversicherung ist eine separate Versicherungsdeckung gegen den Verlust oder die Besch\u00e4digung des Schiffes","robots":{"index":"index","follow":"follow","max-snippet":"max-snippet:-1","max-image-preview":"max-image-preview:large","max-video-preview":"max-video-preview:-1"},"canonical":"https:\/\/marine-assekuranz.de\/en\/unsere-leistungen-und-produkte-im-ueberblick\/basiskriegs-versicherung\/","og_locale":"en_US","og_type":"article","og_title":"Basiskriegs-Versicherung - MARINE Assekuranz GmbH Versicherungsmakler","og_description":"Die Kriegsversicherung ist eine separate Versicherungsdeckung gegen den Verlust oder die Besch\u00e4digung des Schiffes","og_url":"https:\/\/marine-assekuranz.de\/en\/unsere-leistungen-und-produkte-im-ueberblick\/basiskriegs-versicherung\/","og_site_name":"MARINE Assekuranz GmbH Versicherungsmakler","article_modified_time":"2020-10-06T13:12:53+00:00","og_image":[{"url":"https:\/\/marine-assekuranz.de\/wp-content\/uploads\/2020\/08\/Kriegsversicherung.jpg","type":"","width":"","height":""}],"twitter_card":"summary_large_image","twitter_misc":{"Est. reading time":"1 minute"},"schema":{"@context":"https:\/\/schema.org","@graph":[{"@type":"WebPage","@id":"https:\/\/marine-assekuranz.de\/unsere-leistungen-und-produkte-im-ueberblick\/basiskriegs-versicherung\/","url":"https:\/\/marine-assekuranz.de\/unsere-leistungen-und-produkte-im-ueberblick\/basiskriegs-versicherung\/","name":"Basiskriegs-Versicherung - MARINE Assekuranz GmbH Versicherungsmakler","isPartOf":{"@id":"https:\/\/marine-assekuranz.de\/#website"},"primaryImageOfPage":{"@id":"https:\/\/marine-assekuranz.de\/unsere-leistungen-und-produkte-im-ueberblick\/basiskriegs-versicherung\/#primaryimage"},"image":{"@id":"https:\/\/marine-assekuranz.de\/unsere-leistungen-und-produkte-im-ueberblick\/basiskriegs-versicherung\/#primaryimage"},"thumbnailUrl":"https:\/\/marine-assekuranz.de\/wp-content\/uploads\/2020\/08\/Kriegsversicherung.jpg","datePublished":"2020-09-01T09:50:08+00:00","dateModified":"2020-10-06T13:12:53+00:00","description":"Die Kriegsversicherung ist eine separate Versicherungsdeckung gegen den Verlust oder die Besch\u00e4digung des Schiffes","breadcrumb":{"@id":"https:\/\/marine-assekuranz.de\/unsere-leistungen-und-produkte-im-ueberblick\/basiskriegs-versicherung\/#breadcrumb"},"inLanguage":"en-US","potentialAction":[{"@type":"ReadAction","target":["https:\/\/marine-assekuranz.de\/unsere-leistungen-und-produkte-im-ueberblick\/basiskriegs-versicherung\/"]}]},{"@type":"ImageObject","inLanguage":"en-US","@id":"https:\/\/marine-assekuranz.de\/unsere-leistungen-und-produkte-im-ueberblick\/basiskriegs-versicherung\/#primaryimage","url":"https:\/\/marine-assekuranz.de\/wp-content\/uploads\/2020\/08\/Kriegsversicherung.jpg","contentUrl":"https:\/\/marine-assekuranz.de\/wp-content\/uploads\/2020\/08\/Kriegsversicherung.jpg"},{"@type":"BreadcrumbList","@id":"https:\/\/marine-assekuranz.de\/unsere-leistungen-und-produkte-im-ueberblick\/basiskriegs-versicherung\/#breadcrumb","itemListElement":[{"@type":"ListItem","position":1,"name":"Startseite","item":"https:\/\/marine-assekuranz.de\/"},{"@type":"ListItem","position":2,"name":"Produkte","item":"https:\/\/marine-assekuranz.de\/unsere-leistungen-und-produkte-im-ueberblick\/"},{"@type":"ListItem","position":3,"name":"Basiskriegs-Versicherung"}]},{"@type":"WebSite","@id":"https:\/\/marine-assekuranz.de\/#website","url":"https:\/\/marine-assekuranz.de\/","name":"MARINE Assekuranz GmbH Versicherungsmakler","description":"Schifffahrt und Seetransporte sicher versichern","publisher":{"@id":"https:\/\/marine-assekuranz.de\/#organization"},"potentialAction":[{"@type":"SearchAction","target":{"@type":"EntryPoint","urlTemplate":"https:\/\/marine-assekuranz.de\/?s={search_term_string}"},"query-input":{"@type":"PropertyValueSpecification","valueRequired":true,"valueName":"search_term_string"}}],"inLanguage":"en-US"},{"@type":"Organization","@id":"https:\/\/marine-assekuranz.de\/#organization","name":"Marine Assekuranz GmbH","url":"https:\/\/marine-assekuranz.de\/","logo":{"@type":"ImageObject","inLanguage":"en-US","@id":"https:\/\/marine-assekuranz.de\/#\/schema\/logo\/image\/","url":"https:\/\/marine-assekuranz.de\/wp-content\/uploads\/2020\/09\/Logo_MA_en_500.png","contentUrl":"https:\/\/marine-assekuranz.de\/wp-content\/uploads\/2020\/09\/Logo_MA_en_500.png","width":500,"height":100,"caption":"Marine Assekuranz GmbH"},"image":{"@id":"https:\/\/marine-assekuranz.de\/#\/schema\/logo\/image\/"}}]}},"_links":{"self":[{"href":"https:\/\/marine-assekuranz.de\/en\/wp-json\/wp\/v2\/pages\/596","targetHints":{"allow":["GET"]}}],"collection":[{"href":"https:\/\/marine-assekuranz.de\/en\/wp-json\/wp\/v2\/pages"}],"about":[{"href":"https:\/\/marine-assekuranz.de\/en\/wp-json\/wp\/v2\/types\/page"}],"author":[{"embeddable":true,"href":"https:\/\/marine-assekuranz.de\/en\/wp-json\/wp\/v2\/users\/1"}],"replies":[{"embeddable":true,"href":"https:\/\/marine-assekuranz.de\/en\/wp-json\/wp\/v2\/comments?post=596"}],"version-history":[{"count":4,"href":"https:\/\/marine-assekuranz.de\/en\/wp-json\/wp\/v2\/pages\/596\/revisions"}],"predecessor-version":[{"id":825,"href":"https:\/\/marine-assekuranz.de\/en\/wp-json\/wp\/v2\/pages\/596\/revisions\/825"}],"up":[{"embeddable":true,"href":"https:\/\/marine-assekuranz.de\/en\/wp-json\/wp\/v2\/pages\/579"}],"wp:attachment":[{"href":"https:\/\/marine-assekuranz.de\/en\/wp-json\/wp\/v2\/media?parent=596"}],"curies":[{"name":"wp","href":"https:\/\/api.w.org\/{rel}","templated":true}]}}