{"id":602,"date":"2020-09-01T11:52:18","date_gmt":"2020-09-01T09:52:18","guid":{"rendered":"https:\/\/marine-assekuranz.de\/?page_id=602"},"modified":"2020-10-06T15:13:35","modified_gmt":"2020-10-06T13:13:35","slug":"individuelle-yacht-versicherungen","status":"publish","type":"page","link":"https:\/\/marine-assekuranz.de\/en\/unsere-leistungen-und-produkte-im-ueberblick\/individuelle-yacht-versicherungen\/","title":{"rendered":"Yacht Insurance"},"content":{"rendered":"<div data-elementor-type=\"wp-page\" data-elementor-id=\"602\" class=\"elementor elementor-602\" data-elementor-post-type=\"page\">\n\t\t\t\t\t\t<section class=\"elementor-section elementor-top-section elementor-element elementor-element-5aa11dcd elementor-section-full_width elementor-section-height-default elementor-section-height-default\" data-id=\"5aa11dcd\" data-element_type=\"section\" data-e-type=\"section\" data-settings=\"{&quot;background_background&quot;:&quot;classic&quot;}\">\n\t\t\t\t\t\t<div class=\"elementor-container elementor-column-gap-default\">\n\t\t\t\t\t<div class=\"elementor-column elementor-col-100 elementor-top-column elementor-element elementor-element-2c43249\" data-id=\"2c43249\" data-element_type=\"column\" data-e-type=\"column\">\n\t\t\t<div class=\"elementor-widget-wrap elementor-element-populated\">\n\t\t\t\t\t\t<section class=\"elementor-section elementor-inner-section elementor-element elementor-element-e85d6cc elementor-section-boxed elementor-section-height-default elementor-section-height-default\" data-id=\"e85d6cc\" data-element_type=\"section\" data-e-type=\"section\">\n\t\t\t\t\t\t<div class=\"elementor-container elementor-column-gap-default\">\n\t\t\t\t\t<div class=\"elementor-column elementor-col-50 elementor-inner-column elementor-element elementor-element-3f50d76e\" data-id=\"3f50d76e\" data-element_type=\"column\" data-e-type=\"column\">\n\t\t\t<div class=\"elementor-widget-wrap\">\n\t\t\t\t\t\t\t<\/div>\n\t\t<\/div>\n\t\t\t\t<div class=\"elementor-column elementor-col-50 elementor-inner-column elementor-element elementor-element-51862c57\" data-id=\"51862c57\" data-element_type=\"column\" data-e-type=\"column\">\n\t\t\t<div class=\"elementor-widget-wrap elementor-element-populated\">\n\t\t\t\t\t\t<div class=\"elementor-element elementor-element-56746de5 elementor-align-right elementor-invisible elementor-widget elementor-widget-breadcrumbs\" data-id=\"56746de5\" data-element_type=\"widget\" data-e-type=\"widget\" data-settings=\"{&quot;_animation&quot;:&quot;fadeIn&quot;}\" data-widget_type=\"breadcrumbs.default\">\n\t\t\t\t<div class=\"elementor-widget-container\">\n\t\t\t\t\t<p id=\"breadcrumbs\"><span><span><a href=\"https:\/\/marine-assekuranz.de\/en\/\">Home<\/a><\/span><\/span><\/p>\t\t\t\t<\/div>\n\t\t\t\t<\/div>\n\t\t\t\t\t<\/div>\n\t\t<\/div>\n\t\t\t\t\t<\/div>\n\t\t<\/section>\n\t\t\t\t\t<\/div>\n\t\t<\/div>\n\t\t\t\t\t<\/div>\n\t\t<\/section>\n\t\t\t\t<section class=\"elementor-section elementor-top-section elementor-element elementor-element-50ec592d elementor-section-boxed elementor-section-height-default elementor-section-height-default elementor-invisible\" data-id=\"50ec592d\" data-element_type=\"section\" data-e-type=\"section\" data-settings=\"{&quot;animation&quot;:&quot;fadeInUp&quot;}\">\n\t\t\t\t\t\t<div class=\"elementor-container elementor-column-gap-default\">\n\t\t\t\t\t<div class=\"elementor-column elementor-col-100 elementor-top-column elementor-element elementor-element-783aa219\" data-id=\"783aa219\" data-element_type=\"column\" data-e-type=\"column\">\n\t\t\t<div class=\"elementor-widget-wrap elementor-element-populated\">\n\t\t\t\t\t\t<section class=\"elementor-section elementor-inner-section elementor-element elementor-element-1d2695cb elementor-section-boxed elementor-section-height-default elementor-section-height-default\" data-id=\"1d2695cb\" data-element_type=\"section\" data-e-type=\"section\">\n\t\t\t\t\t\t<div class=\"elementor-container elementor-column-gap-default\">\n\t\t\t\t\t<div class=\"elementor-column elementor-col-50 elementor-inner-column elementor-element elementor-element-72133f4e\" data-id=\"72133f4e\" data-element_type=\"column\" data-e-type=\"column\">\n\t\t\t<div class=\"elementor-widget-wrap elementor-element-populated\">\n\t\t\t\t\t\t<div class=\"elementor-element elementor-element-6d36a3c1 elementor-widget elementor-widget-image\" data-id=\"6d36a3c1\" data-element_type=\"widget\" data-e-type=\"widget\" data-widget_type=\"image.default\">\n\t\t\t\t<div class=\"elementor-widget-container\">\n\t\t\t\t\t\t\t\t\t\t\t\t\t\t\t<img fetchpriority=\"high\" decoding=\"async\" width=\"800\" height=\"467\" src=\"https:\/\/marine-assekuranz.de\/wp-content\/uploads\/2020\/08\/Yachten_Bild3.jpg\" class=\"attachment-large size-large wp-image-267\" alt=\"title image: Yacht Versicherungen\" srcset=\"https:\/\/marine-assekuranz.de\/wp-content\/uploads\/2020\/08\/Yachten_Bild3.jpg 800w, https:\/\/marine-assekuranz.de\/wp-content\/uploads\/2020\/08\/Yachten_Bild3-300x175.jpg 300w, https:\/\/marine-assekuranz.de\/wp-content\/uploads\/2020\/08\/Yachten_Bild3-768x448.jpg 768w\" sizes=\"(max-width: 800px) 100vw, 800px\" \/>\t\t\t\t\t\t\t\t\t\t\t\t\t\t\t<\/div>\n\t\t\t\t<\/div>\n\t\t\t\t\t<\/div>\n\t\t<\/div>\n\t\t\t\t<div class=\"elementor-column elementor-col-50 elementor-inner-column elementor-element elementor-element-4ce51c02\" data-id=\"4ce51c02\" data-element_type=\"column\" data-e-type=\"column\">\n\t\t\t<div class=\"elementor-widget-wrap elementor-element-populated\">\n\t\t\t\t\t\t<div class=\"elementor-element elementor-element-5e6fdcda elementor-widget elementor-widget-text-editor\" data-id=\"5e6fdcda\" data-element_type=\"widget\" data-e-type=\"widget\" data-widget_type=\"text-editor.default\">\n\t\t\t\t<div class=\"elementor-widget-container\">\n\t\t\t\t\t\t\t\t\t<p>We offer a special insurance package for large yachts which we have specifically designed for the requirements and demands in this premium sector.<\/p><p>This applies mainly to Hull &amp; Machinery, P&amp;I insurance, passenger insurance and crew insurance.\u00a0<\/p><p>These are the insurance segments generally offered within the scope of our Yacht insurance packages:<\/p><ul><li><a href=\"https:\/\/www.marine-assekuranz.de\/de\/produkte-details\/Kaskoversicherung.html\">Hull &amp; Machinery insurance<\/a><\/li><li><a href=\"https:\/\/www.marine-assekuranz.de\/de\/produkte-details\/p-i-versicherung.html\">P&amp;I insurance<\/a><\/li><li>Crew Personal Accident insurance<\/li><li>Crew Medical Expenses insurance<\/li><li>Passengers Personal Accident insurance<\/li><li><a href=\"https:\/\/marine-assekuranz.de\/en\/produkte-details\/Freigh-Demurrage-Defense-Versicherung.html\/\">Yacht Legal Assistance \/ FD&amp;D Insurance<\/a><\/li><li><a href=\"https:\/\/www.marine-assekuranz.de\/de\/produkte-details\/Basiskriegs-Versicherung.html\">Basic War Insurance<\/a><\/li><\/ul><p>Our yacht insurance concept of course also includes cover for dinghies, toys and water sport activities.<\/p>\t\t\t\t\t\t\t\t<\/div>\n\t\t\t\t<\/div>\n\t\t\t\t\t<\/div>\n\t\t<\/div>\n\t\t\t\t\t<\/div>\n\t\t<\/section>\n\t\t\t\t\t<\/div>\n\t\t<\/div>\n\t\t\t\t\t<\/div>\n\t\t<\/section>\n\t\t\t\t<section class=\"elementor-section elementor-top-section elementor-element elementor-element-6bd4fd4f elementor-section-boxed elementor-section-height-default elementor-section-height-default\" data-id=\"6bd4fd4f\" data-element_type=\"section\" data-e-type=\"section\">\n\t\t\t\t\t\t<div class=\"elementor-container elementor-column-gap-default\">\n\t\t\t\t\t<div class=\"elementor-column elementor-col-100 elementor-top-column elementor-element elementor-element-26fff713\" data-id=\"26fff713\" data-element_type=\"column\" data-e-type=\"column\">\n\t\t\t<div class=\"elementor-widget-wrap elementor-element-populated\">\n\t\t\t\t\t\t<div class=\"elementor-element elementor-element-12938908 elementor-align-left elementor-widget elementor-widget-button\" data-id=\"12938908\" data-element_type=\"widget\" data-e-type=\"widget\" data-widget_type=\"button.default\">\n\t\t\t\t<div class=\"elementor-widget-container\">\n\t\t\t\t\t\t\t\t\t<div class=\"elementor-button-wrapper\">\n\t\t\t\t\t<a class=\"elementor-button elementor-button-link elementor-size-sm\" href=\"\/en\/unsere-leistungen-und-produkte-im-ueberblick\/\">\n\t\t\t\t\t\t<span class=\"elementor-button-content-wrapper\">\n\t\t\t\t\t\t\t\t\t<span class=\"elementor-button-text\">back to overview<\/span>\n\t\t\t\t\t<\/span>\n\t\t\t\t\t<\/a>\n\t\t\t\t<\/div>\n\t\t\t\t\t\t\t\t<\/div>\n\t\t\t\t<\/div>\n\t\t\t\t\t<\/div>\n\t\t<\/div>\n\t\t\t\t\t<\/div>\n\t\t<\/section>\n\t\t\t\t<section class=\"elementor-section elementor-top-section elementor-element elementor-element-2baecb2 elementor-section-boxed elementor-section-height-default elementor-section-height-default\" data-id=\"2baecb2\" data-element_type=\"section\" data-e-type=\"section\">\n\t\t\t\t\t\t<div class=\"elementor-container elementor-column-gap-default\">\n\t\t\t\t\t<div class=\"elementor-column elementor-col-100 elementor-top-column elementor-element elementor-element-2aff532\" data-id=\"2aff532\" data-element_type=\"column\" data-e-type=\"column\">\n\t\t\t<div class=\"elementor-widget-wrap elementor-element-populated\">\n\t\t\t\t\t\t<div class=\"elementor-element elementor-element-b1a10e2 elementor-widget elementor-widget-spacer\" data-id=\"b1a10e2\" data-element_type=\"widget\" data-e-type=\"widget\" data-widget_type=\"spacer.default\">\n\t\t\t\t<div class=\"elementor-widget-container\">\n\t\t\t\t\t\t\t<div class=\"elementor-spacer\">\n\t\t\t<div class=\"elementor-spacer-inner\"><\/div>\n\t\t<\/div>\n\t\t\t\t\t\t<\/div>\n\t\t\t\t<\/div>\n\t\t\t\t\t<\/div>\n\t\t<\/div>\n\t\t\t\t\t<\/div>\n\t\t<\/section>\n\t\t\t\t<\/div>","protected":false},"excerpt":{"rendered":"<p>F\u00fcr Gro\u00dfyachten bieten wir ein sehr individuelles Versicherungskonzept, welches wir speziell an die W\u00fcnsche und Bed\u00fcrfnisse in diesem Premiumsegment abgestimmt haben. Dies gilt insbesondere f\u00fcr die Kasko und P&amp;I Versicherung, die Absicherung Ihrer G\u00e4ste als auch Ihrer eigenen, professionellen Besatzung.\u00a0 Folgende Versicherungssparten werden regelm\u00e4\u00dfig in unseren Angeboten ber\u00fccksichtigt: Kasko P&amp;I\/Haftpflicht Crew Unfall Crew Krankenversicherung G\u00e4ste [&hellip;]<\/p>\n","protected":false},"author":1,"featured_media":0,"parent":579,"menu_order":0,"comment_status":"closed","ping_status":"closed","template":"","meta":{"_acf_changed":false,"inline_featured_image":false,"footnotes":""},"class_list":["post-602","page","type-page","status-publish","hentry"],"acf":[],"yoast_head":"<!-- This site is optimized with the Yoast SEO plugin v27.5 - https:\/\/yoast.com\/product\/yoast-seo-wordpress\/ -->\n<title>Yacht Versicherungen - MARINE Assekuranz GmbH Versicherungsmakler<\/title>\n<meta name=\"description\" content=\"F\u00fcr Gro\u00dfyachten bieten wir ein sehr individuelles Versicherungskonzept, welches wir speziell an die W\u00fcnsche und Bed\u00fcrfnisse abgestimmt haben.\" \/>\n<meta name=\"robots\" content=\"index, follow, max-snippet:-1, max-image-preview:large, max-video-preview:-1\" \/>\n<link rel=\"canonical\" href=\"https:\/\/marine-assekuranz.de\/en\/unsere-leistungen-und-produkte-im-ueberblick\/individuelle-yacht-versicherungen\/\" \/>\n<meta property=\"og:locale\" content=\"en_US\" \/>\n<meta property=\"og:type\" content=\"article\" \/>\n<meta property=\"og:title\" content=\"Yacht Versicherungen - MARINE Assekuranz GmbH Versicherungsmakler\" \/>\n<meta property=\"og:description\" content=\"F\u00fcr Gro\u00dfyachten bieten wir ein sehr individuelles Versicherungskonzept, welches wir speziell an die W\u00fcnsche und Bed\u00fcrfnisse abgestimmt haben.\" \/>\n<meta property=\"og:url\" content=\"https:\/\/marine-assekuranz.de\/en\/unsere-leistungen-und-produkte-im-ueberblick\/individuelle-yacht-versicherungen\/\" \/>\n<meta property=\"og:site_name\" content=\"MARINE Assekuranz GmbH Versicherungsmakler\" \/>\n<meta property=\"article:modified_time\" content=\"2020-10-06T13:13:35+00:00\" \/>\n<meta property=\"og:image\" content=\"https:\/\/marine-assekuranz.de\/wp-content\/uploads\/2020\/08\/Yachten_Bild3.jpg\" \/>\n<meta name=\"twitter:card\" content=\"summary_large_image\" \/>\n<script type=\"application\/ld+json\" class=\"yoast-schema-graph\">{\"@context\":\"https:\\\/\\\/schema.org\",\"@graph\":[{\"@type\":\"WebPage\",\"@id\":\"https:\\\/\\\/marine-assekuranz.de\\\/unsere-leistungen-und-produkte-im-ueberblick\\\/individuelle-yacht-versicherungen\\\/\",\"url\":\"https:\\\/\\\/marine-assekuranz.de\\\/unsere-leistungen-und-produkte-im-ueberblick\\\/individuelle-yacht-versicherungen\\\/\",\"name\":\"Yacht Versicherungen - MARINE Assekuranz GmbH Versicherungsmakler\",\"isPartOf\":{\"@id\":\"https:\\\/\\\/marine-assekuranz.de\\\/#website\"},\"primaryImageOfPage\":{\"@id\":\"https:\\\/\\\/marine-assekuranz.de\\\/unsere-leistungen-und-produkte-im-ueberblick\\\/individuelle-yacht-versicherungen\\\/#primaryimage\"},\"image\":{\"@id\":\"https:\\\/\\\/marine-assekuranz.de\\\/unsere-leistungen-und-produkte-im-ueberblick\\\/individuelle-yacht-versicherungen\\\/#primaryimage\"},\"thumbnailUrl\":\"https:\\\/\\\/marine-assekuranz.de\\\/wp-content\\\/uploads\\\/2020\\\/08\\\/Yachten_Bild3.jpg\",\"datePublished\":\"2020-09-01T09:52:18+00:00\",\"dateModified\":\"2020-10-06T13:13:35+00:00\",\"description\":\"F\u00fcr Gro\u00dfyachten bieten wir ein sehr individuelles Versicherungskonzept, welches wir speziell an die W\u00fcnsche und Bed\u00fcrfnisse abgestimmt haben.\",\"breadcrumb\":{\"@id\":\"https:\\\/\\\/marine-assekuranz.de\\\/unsere-leistungen-und-produkte-im-ueberblick\\\/individuelle-yacht-versicherungen\\\/#breadcrumb\"},\"inLanguage\":\"en-US\",\"potentialAction\":[{\"@type\":\"ReadAction\",\"target\":[\"https:\\\/\\\/marine-assekuranz.de\\\/unsere-leistungen-und-produkte-im-ueberblick\\\/individuelle-yacht-versicherungen\\\/\"]}]},{\"@type\":\"ImageObject\",\"inLanguage\":\"en-US\",\"@id\":\"https:\\\/\\\/marine-assekuranz.de\\\/unsere-leistungen-und-produkte-im-ueberblick\\\/individuelle-yacht-versicherungen\\\/#primaryimage\",\"url\":\"https:\\\/\\\/marine-assekuranz.de\\\/wp-content\\\/uploads\\\/2020\\\/08\\\/Yachten_Bild3.jpg\",\"contentUrl\":\"https:\\\/\\\/marine-assekuranz.de\\\/wp-content\\\/uploads\\\/2020\\\/08\\\/Yachten_Bild3.jpg\"},{\"@type\":\"BreadcrumbList\",\"@id\":\"https:\\\/\\\/marine-assekuranz.de\\\/unsere-leistungen-und-produkte-im-ueberblick\\\/individuelle-yacht-versicherungen\\\/#breadcrumb\",\"itemListElement\":[{\"@type\":\"ListItem\",\"position\":1,\"name\":\"Startseite\",\"item\":\"https:\\\/\\\/marine-assekuranz.de\\\/\"},{\"@type\":\"ListItem\",\"position\":2,\"name\":\"Produkte\",\"item\":\"https:\\\/\\\/marine-assekuranz.de\\\/unsere-leistungen-und-produkte-im-ueberblick\\\/\"},{\"@type\":\"ListItem\",\"position\":3,\"name\":\"Yacht Versicherungen\"}]},{\"@type\":\"WebSite\",\"@id\":\"https:\\\/\\\/marine-assekuranz.de\\\/#website\",\"url\":\"https:\\\/\\\/marine-assekuranz.de\\\/\",\"name\":\"MARINE Assekuranz GmbH Versicherungsmakler\",\"description\":\"Schifffahrt und Seetransporte sicher versichern\",\"publisher\":{\"@id\":\"https:\\\/\\\/marine-assekuranz.de\\\/#organization\"},\"potentialAction\":[{\"@type\":\"SearchAction\",\"target\":{\"@type\":\"EntryPoint\",\"urlTemplate\":\"https:\\\/\\\/marine-assekuranz.de\\\/?s={search_term_string}\"},\"query-input\":{\"@type\":\"PropertyValueSpecification\",\"valueRequired\":true,\"valueName\":\"search_term_string\"}}],\"inLanguage\":\"en-US\"},{\"@type\":\"Organization\",\"@id\":\"https:\\\/\\\/marine-assekuranz.de\\\/#organization\",\"name\":\"Marine Assekuranz GmbH\",\"url\":\"https:\\\/\\\/marine-assekuranz.de\\\/\",\"logo\":{\"@type\":\"ImageObject\",\"inLanguage\":\"en-US\",\"@id\":\"https:\\\/\\\/marine-assekuranz.de\\\/#\\\/schema\\\/logo\\\/image\\\/\",\"url\":\"https:\\\/\\\/marine-assekuranz.de\\\/wp-content\\\/uploads\\\/2020\\\/09\\\/Logo_MA_en_500.png\",\"contentUrl\":\"https:\\\/\\\/marine-assekuranz.de\\\/wp-content\\\/uploads\\\/2020\\\/09\\\/Logo_MA_en_500.png\",\"width\":500,\"height\":100,\"caption\":\"Marine Assekuranz GmbH\"},\"image\":{\"@id\":\"https:\\\/\\\/marine-assekuranz.de\\\/#\\\/schema\\\/logo\\\/image\\\/\"}}]}<\/script>\n<!-- \/ Yoast SEO plugin. -->","yoast_head_json":{"title":"Yacht Versicherungen - MARINE Assekuranz GmbH Versicherungsmakler","description":"F\u00fcr Gro\u00dfyachten bieten wir ein sehr individuelles Versicherungskonzept, welches wir speziell an die W\u00fcnsche und Bed\u00fcrfnisse abgestimmt haben.","robots":{"index":"index","follow":"follow","max-snippet":"max-snippet:-1","max-image-preview":"max-image-preview:large","max-video-preview":"max-video-preview:-1"},"canonical":"https:\/\/marine-assekuranz.de\/en\/unsere-leistungen-und-produkte-im-ueberblick\/individuelle-yacht-versicherungen\/","og_locale":"en_US","og_type":"article","og_title":"Yacht Versicherungen - MARINE Assekuranz GmbH Versicherungsmakler","og_description":"F\u00fcr Gro\u00dfyachten bieten wir ein sehr individuelles Versicherungskonzept, welches wir speziell an die W\u00fcnsche und Bed\u00fcrfnisse abgestimmt haben.","og_url":"https:\/\/marine-assekuranz.de\/en\/unsere-leistungen-und-produkte-im-ueberblick\/individuelle-yacht-versicherungen\/","og_site_name":"MARINE Assekuranz GmbH Versicherungsmakler","article_modified_time":"2020-10-06T13:13:35+00:00","og_image":[{"url":"https:\/\/marine-assekuranz.de\/wp-content\/uploads\/2020\/08\/Yachten_Bild3.jpg","type":"","width":"","height":""}],"twitter_card":"summary_large_image","schema":{"@context":"https:\/\/schema.org","@graph":[{"@type":"WebPage","@id":"https:\/\/marine-assekuranz.de\/unsere-leistungen-und-produkte-im-ueberblick\/individuelle-yacht-versicherungen\/","url":"https:\/\/marine-assekuranz.de\/unsere-leistungen-und-produkte-im-ueberblick\/individuelle-yacht-versicherungen\/","name":"Yacht Versicherungen - MARINE Assekuranz GmbH Versicherungsmakler","isPartOf":{"@id":"https:\/\/marine-assekuranz.de\/#website"},"primaryImageOfPage":{"@id":"https:\/\/marine-assekuranz.de\/unsere-leistungen-und-produkte-im-ueberblick\/individuelle-yacht-versicherungen\/#primaryimage"},"image":{"@id":"https:\/\/marine-assekuranz.de\/unsere-leistungen-und-produkte-im-ueberblick\/individuelle-yacht-versicherungen\/#primaryimage"},"thumbnailUrl":"https:\/\/marine-assekuranz.de\/wp-content\/uploads\/2020\/08\/Yachten_Bild3.jpg","datePublished":"2020-09-01T09:52:18+00:00","dateModified":"2020-10-06T13:13:35+00:00","description":"F\u00fcr Gro\u00dfyachten bieten wir ein sehr individuelles Versicherungskonzept, welches wir speziell an die W\u00fcnsche und Bed\u00fcrfnisse abgestimmt haben.","breadcrumb":{"@id":"https:\/\/marine-assekuranz.de\/unsere-leistungen-und-produkte-im-ueberblick\/individuelle-yacht-versicherungen\/#breadcrumb"},"inLanguage":"en-US","potentialAction":[{"@type":"ReadAction","target":["https:\/\/marine-assekuranz.de\/unsere-leistungen-und-produkte-im-ueberblick\/individuelle-yacht-versicherungen\/"]}]},{"@type":"ImageObject","inLanguage":"en-US","@id":"https:\/\/marine-assekuranz.de\/unsere-leistungen-und-produkte-im-ueberblick\/individuelle-yacht-versicherungen\/#primaryimage","url":"https:\/\/marine-assekuranz.de\/wp-content\/uploads\/2020\/08\/Yachten_Bild3.jpg","contentUrl":"https:\/\/marine-assekuranz.de\/wp-content\/uploads\/2020\/08\/Yachten_Bild3.jpg"},{"@type":"BreadcrumbList","@id":"https:\/\/marine-assekuranz.de\/unsere-leistungen-und-produkte-im-ueberblick\/individuelle-yacht-versicherungen\/#breadcrumb","itemListElement":[{"@type":"ListItem","position":1,"name":"Startseite","item":"https:\/\/marine-assekuranz.de\/"},{"@type":"ListItem","position":2,"name":"Produkte","item":"https:\/\/marine-assekuranz.de\/unsere-leistungen-und-produkte-im-ueberblick\/"},{"@type":"ListItem","position":3,"name":"Yacht Versicherungen"}]},{"@type":"WebSite","@id":"https:\/\/marine-assekuranz.de\/#website","url":"https:\/\/marine-assekuranz.de\/","name":"MARINE Assekuranz GmbH Versicherungsmakler","description":"Schifffahrt und Seetransporte sicher versichern","publisher":{"@id":"https:\/\/marine-assekuranz.de\/#organization"},"potentialAction":[{"@type":"SearchAction","target":{"@type":"EntryPoint","urlTemplate":"https:\/\/marine-assekuranz.de\/?s={search_term_string}"},"query-input":{"@type":"PropertyValueSpecification","valueRequired":true,"valueName":"search_term_string"}}],"inLanguage":"en-US"},{"@type":"Organization","@id":"https:\/\/marine-assekuranz.de\/#organization","name":"Marine Assekuranz GmbH","url":"https:\/\/marine-assekuranz.de\/","logo":{"@type":"ImageObject","inLanguage":"en-US","@id":"https:\/\/marine-assekuranz.de\/#\/schema\/logo\/image\/","url":"https:\/\/marine-assekuranz.de\/wp-content\/uploads\/2020\/09\/Logo_MA_en_500.png","contentUrl":"https:\/\/marine-assekuranz.de\/wp-content\/uploads\/2020\/09\/Logo_MA_en_500.png","width":500,"height":100,"caption":"Marine Assekuranz GmbH"},"image":{"@id":"https:\/\/marine-assekuranz.de\/#\/schema\/logo\/image\/"}}]}},"_links":{"self":[{"href":"https:\/\/marine-assekuranz.de\/en\/wp-json\/wp\/v2\/pages\/602","targetHints":{"allow":["GET"]}}],"collection":[{"href":"https:\/\/marine-assekuranz.de\/en\/wp-json\/wp\/v2\/pages"}],"about":[{"href":"https:\/\/marine-assekuranz.de\/en\/wp-json\/wp\/v2\/types\/page"}],"author":[{"embeddable":true,"href":"https:\/\/marine-assekuranz.de\/en\/wp-json\/wp\/v2\/users\/1"}],"replies":[{"embeddable":true,"href":"https:\/\/marine-assekuranz.de\/en\/wp-json\/wp\/v2\/comments?post=602"}],"version-history":[{"count":5,"href":"https:\/\/marine-assekuranz.de\/en\/wp-json\/wp\/v2\/pages\/602\/revisions"}],"predecessor-version":[{"id":836,"href":"https:\/\/marine-assekuranz.de\/en\/wp-json\/wp\/v2\/pages\/602\/revisions\/836"}],"up":[{"embeddable":true,"href":"https:\/\/marine-assekuranz.de\/en\/wp-json\/wp\/v2\/pages\/579"}],"wp:attachment":[{"href":"https:\/\/marine-assekuranz.de\/en\/wp-json\/wp\/v2\/media?parent=602"}],"curies":[{"name":"wp","href":"https:\/\/api.w.org\/{rel}","templated":true}]}}