{"id":628,"date":"2020-09-01T12:02:16","date_gmt":"2020-09-01T10:02:16","guid":{"rendered":"https:\/\/marine-assekuranz.de\/?page_id=628"},"modified":"2020-10-06T11:17:00","modified_gmt":"2020-10-06T09:17:00","slug":"geld-und-werttransport-gwt-versicherung","status":"publish","type":"page","link":"https:\/\/marine-assekuranz.de\/en\/unsere-leistungen-und-produkte-im-ueberblick\/geld-und-werttransport-gwt-versicherung\/","title":{"rendered":"Cash in Transit (GWT) Insurance"},"content":{"rendered":"<div data-elementor-type=\"wp-page\" data-elementor-id=\"628\" class=\"elementor elementor-628\" data-elementor-post-type=\"page\">\n\t\t\t\t\t\t<section class=\"elementor-section elementor-top-section elementor-element elementor-element-5aa11dcd elementor-section-full_width elementor-section-height-default elementor-section-height-default\" data-id=\"5aa11dcd\" data-element_type=\"section\" data-e-type=\"section\" data-settings=\"{&quot;background_background&quot;:&quot;classic&quot;}\">\n\t\t\t\t\t\t<div class=\"elementor-container elementor-column-gap-default\">\n\t\t\t\t\t<div class=\"elementor-column elementor-col-100 elementor-top-column elementor-element elementor-element-2c43249\" data-id=\"2c43249\" data-element_type=\"column\" data-e-type=\"column\">\n\t\t\t<div class=\"elementor-widget-wrap elementor-element-populated\">\n\t\t\t\t\t\t<section class=\"elementor-section elementor-inner-section elementor-element elementor-element-e85d6cc elementor-section-boxed elementor-section-height-default elementor-section-height-default\" data-id=\"e85d6cc\" data-element_type=\"section\" data-e-type=\"section\">\n\t\t\t\t\t\t<div class=\"elementor-container elementor-column-gap-default\">\n\t\t\t\t\t<div class=\"elementor-column elementor-col-50 elementor-inner-column elementor-element elementor-element-3f50d76e\" data-id=\"3f50d76e\" data-element_type=\"column\" data-e-type=\"column\">\n\t\t\t<div class=\"elementor-widget-wrap\">\n\t\t\t\t\t\t\t<\/div>\n\t\t<\/div>\n\t\t\t\t<div class=\"elementor-column elementor-col-50 elementor-inner-column elementor-element elementor-element-51862c57\" data-id=\"51862c57\" data-element_type=\"column\" data-e-type=\"column\">\n\t\t\t<div class=\"elementor-widget-wrap elementor-element-populated\">\n\t\t\t\t\t\t<div class=\"elementor-element elementor-element-56746de5 elementor-align-right elementor-invisible elementor-widget elementor-widget-breadcrumbs\" data-id=\"56746de5\" data-element_type=\"widget\" data-e-type=\"widget\" data-settings=\"{&quot;_animation&quot;:&quot;fadeIn&quot;}\" data-widget_type=\"breadcrumbs.default\">\n\t\t\t\t<div class=\"elementor-widget-container\">\n\t\t\t\t\t<p id=\"breadcrumbs\"><span><span><a href=\"https:\/\/marine-assekuranz.de\/en\/\">Home<\/a><\/span><\/span><\/p>\t\t\t\t<\/div>\n\t\t\t\t<\/div>\n\t\t\t\t\t<\/div>\n\t\t<\/div>\n\t\t\t\t\t<\/div>\n\t\t<\/section>\n\t\t\t\t\t<\/div>\n\t\t<\/div>\n\t\t\t\t\t<\/div>\n\t\t<\/section>\n\t\t\t\t<section class=\"elementor-section elementor-top-section elementor-element elementor-element-50ec592d elementor-section-boxed elementor-section-height-default elementor-section-height-default elementor-invisible\" data-id=\"50ec592d\" data-element_type=\"section\" data-e-type=\"section\" data-settings=\"{&quot;animation&quot;:&quot;fadeInUp&quot;}\">\n\t\t\t\t\t\t<div class=\"elementor-container elementor-column-gap-default\">\n\t\t\t\t\t<div class=\"elementor-column elementor-col-100 elementor-top-column elementor-element elementor-element-783aa219\" data-id=\"783aa219\" data-element_type=\"column\" data-e-type=\"column\">\n\t\t\t<div class=\"elementor-widget-wrap elementor-element-populated\">\n\t\t\t\t\t\t<section class=\"elementor-section elementor-inner-section elementor-element elementor-element-1d2695cb elementor-section-boxed elementor-section-height-default elementor-section-height-default\" data-id=\"1d2695cb\" data-element_type=\"section\" data-e-type=\"section\">\n\t\t\t\t\t\t<div class=\"elementor-container elementor-column-gap-default\">\n\t\t\t\t\t<div class=\"elementor-column elementor-col-50 elementor-inner-column elementor-element elementor-element-72133f4e\" data-id=\"72133f4e\" data-element_type=\"column\" data-e-type=\"column\">\n\t\t\t<div class=\"elementor-widget-wrap elementor-element-populated\">\n\t\t\t\t\t\t<div class=\"elementor-element elementor-element-6d36a3c1 elementor-widget elementor-widget-image\" data-id=\"6d36a3c1\" data-element_type=\"widget\" data-e-type=\"widget\" data-widget_type=\"image.default\">\n\t\t\t\t<div class=\"elementor-widget-container\">\n\t\t\t\t\t\t\t\t\t\t\t\t\t\t\t<img fetchpriority=\"high\" decoding=\"async\" width=\"800\" height=\"467\" src=\"https:\/\/marine-assekuranz.de\/wp-content\/uploads\/2020\/08\/Geldtansport.jpg\" class=\"attachment-large size-large wp-image-256\" alt=\"title image: Geld- und Werttransport (GWT) Versicherung\" srcset=\"https:\/\/marine-assekuranz.de\/wp-content\/uploads\/2020\/08\/Geldtansport.jpg 800w, https:\/\/marine-assekuranz.de\/wp-content\/uploads\/2020\/08\/Geldtansport-300x175.jpg 300w, https:\/\/marine-assekuranz.de\/wp-content\/uploads\/2020\/08\/Geldtansport-768x448.jpg 768w\" sizes=\"(max-width: 800px) 100vw, 800px\" \/>\t\t\t\t\t\t\t\t\t\t\t\t\t\t\t<\/div>\n\t\t\t\t<\/div>\n\t\t\t\t\t<\/div>\n\t\t<\/div>\n\t\t\t\t<div class=\"elementor-column elementor-col-50 elementor-inner-column elementor-element elementor-element-4ce51c02\" data-id=\"4ce51c02\" data-element_type=\"column\" data-e-type=\"column\">\n\t\t\t<div class=\"elementor-widget-wrap elementor-element-populated\">\n\t\t\t\t\t\t<div class=\"elementor-element elementor-element-5e6fdcda elementor-widget elementor-widget-text-editor\" data-id=\"5e6fdcda\" data-element_type=\"widget\" data-e-type=\"widget\" data-widget_type=\"text-editor.default\">\n\t\t\t\t<div class=\"elementor-widget-container\">\n\t\t\t\t\t\t\t\t\t<p>As a special segment of transport insurance, these forms of insurance provide comprehensive insurance coverage for professional cash and valuables transport companies (GWTU).\n<br><br>\nThis insurance is offered individually on basis of an in-depth and detailed risk analysis and covers physical loss, destruction of or damage to the insured goods.<\/p>\t\t\t\t\t\t\t\t<\/div>\n\t\t\t\t<\/div>\n\t\t\t\t\t<\/div>\n\t\t<\/div>\n\t\t\t\t\t<\/div>\n\t\t<\/section>\n\t\t\t\t\t<\/div>\n\t\t<\/div>\n\t\t\t\t\t<\/div>\n\t\t<\/section>\n\t\t\t\t<section class=\"elementor-section elementor-top-section elementor-element elementor-element-6bd4fd4f elementor-section-boxed elementor-section-height-default elementor-section-height-default\" data-id=\"6bd4fd4f\" data-element_type=\"section\" data-e-type=\"section\">\n\t\t\t\t\t\t<div class=\"elementor-container elementor-column-gap-default\">\n\t\t\t\t\t<div class=\"elementor-column elementor-col-100 elementor-top-column elementor-element elementor-element-26fff713\" data-id=\"26fff713\" data-element_type=\"column\" data-e-type=\"column\">\n\t\t\t<div class=\"elementor-widget-wrap elementor-element-populated\">\n\t\t\t\t\t\t<div class=\"elementor-element elementor-element-12938908 elementor-align-left elementor-widget elementor-widget-button\" data-id=\"12938908\" data-element_type=\"widget\" data-e-type=\"widget\" data-widget_type=\"button.default\">\n\t\t\t\t<div class=\"elementor-widget-container\">\n\t\t\t\t\t\t\t\t\t<div class=\"elementor-button-wrapper\">\n\t\t\t\t\t<a class=\"elementor-button elementor-button-link elementor-size-sm\" href=\"\/en\/unsere-leistungen-und-produkte-im-ueberblick\/\">\n\t\t\t\t\t\t<span class=\"elementor-button-content-wrapper\">\n\t\t\t\t\t\t\t\t\t<span class=\"elementor-button-text\">back to overview<\/span>\n\t\t\t\t\t<\/span>\n\t\t\t\t\t<\/a>\n\t\t\t\t<\/div>\n\t\t\t\t\t\t\t\t<\/div>\n\t\t\t\t<\/div>\n\t\t\t\t\t<\/div>\n\t\t<\/div>\n\t\t\t\t\t<\/div>\n\t\t<\/section>\n\t\t\t\t<section class=\"elementor-section elementor-top-section elementor-element elementor-element-2baecb2 elementor-section-boxed elementor-section-height-default elementor-section-height-default\" data-id=\"2baecb2\" data-element_type=\"section\" data-e-type=\"section\">\n\t\t\t\t\t\t<div class=\"elementor-container elementor-column-gap-default\">\n\t\t\t\t\t<div class=\"elementor-column elementor-col-100 elementor-top-column elementor-element elementor-element-2aff532\" data-id=\"2aff532\" data-element_type=\"column\" data-e-type=\"column\">\n\t\t\t<div class=\"elementor-widget-wrap elementor-element-populated\">\n\t\t\t\t\t\t<div class=\"elementor-element elementor-element-b1a10e2 elementor-widget elementor-widget-spacer\" data-id=\"b1a10e2\" data-element_type=\"widget\" data-e-type=\"widget\" data-widget_type=\"spacer.default\">\n\t\t\t\t<div class=\"elementor-widget-container\">\n\t\t\t\t\t\t\t<div class=\"elementor-spacer\">\n\t\t\t<div class=\"elementor-spacer-inner\"><\/div>\n\t\t<\/div>\n\t\t\t\t\t\t<\/div>\n\t\t\t\t<\/div>\n\t\t\t\t\t<\/div>\n\t\t<\/div>\n\t\t\t\t\t<\/div>\n\t\t<\/section>\n\t\t\t\t<\/div>","protected":false},"excerpt":{"rendered":"<p>Sonderzweig der Transportversicherung, die Versicherungsschutz f\u00fcr professionelle Geld- und Werttransportunternehmen gew\u00e4hrt. Diese Versicherung wird individuell nach den jeweiligen Bed\u00fcrfnissen nach einer detaillierten Risikoanalyse zusammengestellt. Der Versicherungsschutz beschr\u00e4nkt sich auf k\u00f6rperlichen Verlust, Vernichtung oder Besch\u00e4digung von Sachen. zur\u00fcck zur \u00dcbersicht<\/p>","protected":false},"author":1,"featured_media":0,"parent":579,"menu_order":0,"comment_status":"closed","ping_status":"closed","template":"","meta":{"_acf_changed":false,"inline_featured_image":false,"footnotes":""},"class_list":["post-628","page","type-page","status-publish","hentry"],"acf":[],"yoast_head":"<!-- This site is optimized with the Yoast SEO plugin v27.5 - https:\/\/yoast.com\/product\/yoast-seo-wordpress\/ -->\n<title>Geld- und Werttransport (GWT) Versicherung - MARINE Assekuranz GmbH Versicherungsmakler<\/title>\n<meta name=\"description\" content=\"Sonderzweig der Transportversicherung, die Versicherungsschutz f\u00fcr professionelle Geld- und Werttransportunternehmen gew\u00e4hrt.\" \/>\n<meta name=\"robots\" content=\"index, follow, max-snippet:-1, max-image-preview:large, max-video-preview:-1\" \/>\n<link rel=\"canonical\" href=\"https:\/\/marine-assekuranz.de\/en\/unsere-leistungen-und-produkte-im-ueberblick\/geld-und-werttransport-gwt-versicherung\/\" \/>\n<meta property=\"og:locale\" content=\"en_US\" \/>\n<meta property=\"og:type\" content=\"article\" \/>\n<meta property=\"og:title\" content=\"Geld- und Werttransport (GWT) Versicherung - MARINE Assekuranz GmbH Versicherungsmakler\" \/>\n<meta property=\"og:description\" content=\"Sonderzweig der Transportversicherung, die Versicherungsschutz f\u00fcr professionelle Geld- und Werttransportunternehmen gew\u00e4hrt.\" \/>\n<meta property=\"og:url\" content=\"https:\/\/marine-assekuranz.de\/en\/unsere-leistungen-und-produkte-im-ueberblick\/geld-und-werttransport-gwt-versicherung\/\" \/>\n<meta property=\"og:site_name\" content=\"MARINE Assekuranz GmbH Versicherungsmakler\" \/>\n<meta property=\"article:modified_time\" content=\"2020-10-06T09:17:00+00:00\" \/>\n<meta property=\"og:image\" content=\"https:\/\/marine-assekuranz.de\/wp-content\/uploads\/2020\/08\/Geldtansport.jpg\" \/>\n<meta name=\"twitter:card\" content=\"summary_large_image\" \/>\n<script type=\"application\/ld+json\" class=\"yoast-schema-graph\">{\"@context\":\"https:\\\/\\\/schema.org\",\"@graph\":[{\"@type\":\"WebPage\",\"@id\":\"https:\\\/\\\/marine-assekuranz.de\\\/unsere-leistungen-und-produkte-im-ueberblick\\\/geld-und-werttransport-gwt-versicherung\\\/\",\"url\":\"https:\\\/\\\/marine-assekuranz.de\\\/unsere-leistungen-und-produkte-im-ueberblick\\\/geld-und-werttransport-gwt-versicherung\\\/\",\"name\":\"Geld- und Werttransport (GWT) Versicherung - MARINE Assekuranz GmbH Versicherungsmakler\",\"isPartOf\":{\"@id\":\"https:\\\/\\\/marine-assekuranz.de\\\/#website\"},\"primaryImageOfPage\":{\"@id\":\"https:\\\/\\\/marine-assekuranz.de\\\/unsere-leistungen-und-produkte-im-ueberblick\\\/geld-und-werttransport-gwt-versicherung\\\/#primaryimage\"},\"image\":{\"@id\":\"https:\\\/\\\/marine-assekuranz.de\\\/unsere-leistungen-und-produkte-im-ueberblick\\\/geld-und-werttransport-gwt-versicherung\\\/#primaryimage\"},\"thumbnailUrl\":\"https:\\\/\\\/marine-assekuranz.de\\\/wp-content\\\/uploads\\\/2020\\\/08\\\/Geldtansport.jpg\",\"datePublished\":\"2020-09-01T10:02:16+00:00\",\"dateModified\":\"2020-10-06T09:17:00+00:00\",\"description\":\"Sonderzweig der Transportversicherung, die Versicherungsschutz f\u00fcr professionelle Geld- und Werttransportunternehmen gew\u00e4hrt.\",\"breadcrumb\":{\"@id\":\"https:\\\/\\\/marine-assekuranz.de\\\/unsere-leistungen-und-produkte-im-ueberblick\\\/geld-und-werttransport-gwt-versicherung\\\/#breadcrumb\"},\"inLanguage\":\"en-US\",\"potentialAction\":[{\"@type\":\"ReadAction\",\"target\":[\"https:\\\/\\\/marine-assekuranz.de\\\/unsere-leistungen-und-produkte-im-ueberblick\\\/geld-und-werttransport-gwt-versicherung\\\/\"]}]},{\"@type\":\"ImageObject\",\"inLanguage\":\"en-US\",\"@id\":\"https:\\\/\\\/marine-assekuranz.de\\\/unsere-leistungen-und-produkte-im-ueberblick\\\/geld-und-werttransport-gwt-versicherung\\\/#primaryimage\",\"url\":\"https:\\\/\\\/marine-assekuranz.de\\\/wp-content\\\/uploads\\\/2020\\\/08\\\/Geldtansport.jpg\",\"contentUrl\":\"https:\\\/\\\/marine-assekuranz.de\\\/wp-content\\\/uploads\\\/2020\\\/08\\\/Geldtansport.jpg\"},{\"@type\":\"BreadcrumbList\",\"@id\":\"https:\\\/\\\/marine-assekuranz.de\\\/unsere-leistungen-und-produkte-im-ueberblick\\\/geld-und-werttransport-gwt-versicherung\\\/#breadcrumb\",\"itemListElement\":[{\"@type\":\"ListItem\",\"position\":1,\"name\":\"Startseite\",\"item\":\"https:\\\/\\\/marine-assekuranz.de\\\/\"},{\"@type\":\"ListItem\",\"position\":2,\"name\":\"Produkte\",\"item\":\"https:\\\/\\\/marine-assekuranz.de\\\/unsere-leistungen-und-produkte-im-ueberblick\\\/\"},{\"@type\":\"ListItem\",\"position\":3,\"name\":\"Geld- und Werttransport (GWT) Versicherung\"}]},{\"@type\":\"WebSite\",\"@id\":\"https:\\\/\\\/marine-assekuranz.de\\\/#website\",\"url\":\"https:\\\/\\\/marine-assekuranz.de\\\/\",\"name\":\"MARINE Assekuranz GmbH Versicherungsmakler\",\"description\":\"Schifffahrt und Seetransporte sicher versichern\",\"publisher\":{\"@id\":\"https:\\\/\\\/marine-assekuranz.de\\\/#organization\"},\"potentialAction\":[{\"@type\":\"SearchAction\",\"target\":{\"@type\":\"EntryPoint\",\"urlTemplate\":\"https:\\\/\\\/marine-assekuranz.de\\\/?s={search_term_string}\"},\"query-input\":{\"@type\":\"PropertyValueSpecification\",\"valueRequired\":true,\"valueName\":\"search_term_string\"}}],\"inLanguage\":\"en-US\"},{\"@type\":\"Organization\",\"@id\":\"https:\\\/\\\/marine-assekuranz.de\\\/#organization\",\"name\":\"Marine Assekuranz GmbH\",\"url\":\"https:\\\/\\\/marine-assekuranz.de\\\/\",\"logo\":{\"@type\":\"ImageObject\",\"inLanguage\":\"en-US\",\"@id\":\"https:\\\/\\\/marine-assekuranz.de\\\/#\\\/schema\\\/logo\\\/image\\\/\",\"url\":\"https:\\\/\\\/marine-assekuranz.de\\\/wp-content\\\/uploads\\\/2020\\\/09\\\/Logo_MA_en_500.png\",\"contentUrl\":\"https:\\\/\\\/marine-assekuranz.de\\\/wp-content\\\/uploads\\\/2020\\\/09\\\/Logo_MA_en_500.png\",\"width\":500,\"height\":100,\"caption\":\"Marine Assekuranz GmbH\"},\"image\":{\"@id\":\"https:\\\/\\\/marine-assekuranz.de\\\/#\\\/schema\\\/logo\\\/image\\\/\"}}]}<\/script>\n<!-- \/ Yoast SEO plugin. -->","yoast_head_json":{"title":"Geld- und Werttransport (GWT) Versicherung - MARINE Assekuranz GmbH Versicherungsmakler","description":"Sonderzweig der Transportversicherung, die Versicherungsschutz f\u00fcr professionelle Geld- und Werttransportunternehmen gew\u00e4hrt.","robots":{"index":"index","follow":"follow","max-snippet":"max-snippet:-1","max-image-preview":"max-image-preview:large","max-video-preview":"max-video-preview:-1"},"canonical":"https:\/\/marine-assekuranz.de\/en\/unsere-leistungen-und-produkte-im-ueberblick\/geld-und-werttransport-gwt-versicherung\/","og_locale":"en_US","og_type":"article","og_title":"Geld- und Werttransport (GWT) Versicherung - MARINE Assekuranz GmbH Versicherungsmakler","og_description":"Sonderzweig der Transportversicherung, die Versicherungsschutz f\u00fcr professionelle Geld- und Werttransportunternehmen gew\u00e4hrt.","og_url":"https:\/\/marine-assekuranz.de\/en\/unsere-leistungen-und-produkte-im-ueberblick\/geld-und-werttransport-gwt-versicherung\/","og_site_name":"MARINE Assekuranz GmbH Versicherungsmakler","article_modified_time":"2020-10-06T09:17:00+00:00","og_image":[{"url":"https:\/\/marine-assekuranz.de\/wp-content\/uploads\/2020\/08\/Geldtansport.jpg","type":"","width":"","height":""}],"twitter_card":"summary_large_image","schema":{"@context":"https:\/\/schema.org","@graph":[{"@type":"WebPage","@id":"https:\/\/marine-assekuranz.de\/unsere-leistungen-und-produkte-im-ueberblick\/geld-und-werttransport-gwt-versicherung\/","url":"https:\/\/marine-assekuranz.de\/unsere-leistungen-und-produkte-im-ueberblick\/geld-und-werttransport-gwt-versicherung\/","name":"Geld- und Werttransport (GWT) Versicherung - MARINE Assekuranz GmbH Versicherungsmakler","isPartOf":{"@id":"https:\/\/marine-assekuranz.de\/#website"},"primaryImageOfPage":{"@id":"https:\/\/marine-assekuranz.de\/unsere-leistungen-und-produkte-im-ueberblick\/geld-und-werttransport-gwt-versicherung\/#primaryimage"},"image":{"@id":"https:\/\/marine-assekuranz.de\/unsere-leistungen-und-produkte-im-ueberblick\/geld-und-werttransport-gwt-versicherung\/#primaryimage"},"thumbnailUrl":"https:\/\/marine-assekuranz.de\/wp-content\/uploads\/2020\/08\/Geldtansport.jpg","datePublished":"2020-09-01T10:02:16+00:00","dateModified":"2020-10-06T09:17:00+00:00","description":"Sonderzweig der Transportversicherung, die Versicherungsschutz f\u00fcr professionelle Geld- und Werttransportunternehmen gew\u00e4hrt.","breadcrumb":{"@id":"https:\/\/marine-assekuranz.de\/unsere-leistungen-und-produkte-im-ueberblick\/geld-und-werttransport-gwt-versicherung\/#breadcrumb"},"inLanguage":"en-US","potentialAction":[{"@type":"ReadAction","target":["https:\/\/marine-assekuranz.de\/unsere-leistungen-und-produkte-im-ueberblick\/geld-und-werttransport-gwt-versicherung\/"]}]},{"@type":"ImageObject","inLanguage":"en-US","@id":"https:\/\/marine-assekuranz.de\/unsere-leistungen-und-produkte-im-ueberblick\/geld-und-werttransport-gwt-versicherung\/#primaryimage","url":"https:\/\/marine-assekuranz.de\/wp-content\/uploads\/2020\/08\/Geldtansport.jpg","contentUrl":"https:\/\/marine-assekuranz.de\/wp-content\/uploads\/2020\/08\/Geldtansport.jpg"},{"@type":"BreadcrumbList","@id":"https:\/\/marine-assekuranz.de\/unsere-leistungen-und-produkte-im-ueberblick\/geld-und-werttransport-gwt-versicherung\/#breadcrumb","itemListElement":[{"@type":"ListItem","position":1,"name":"Startseite","item":"https:\/\/marine-assekuranz.de\/"},{"@type":"ListItem","position":2,"name":"Produkte","item":"https:\/\/marine-assekuranz.de\/unsere-leistungen-und-produkte-im-ueberblick\/"},{"@type":"ListItem","position":3,"name":"Geld- und Werttransport (GWT) Versicherung"}]},{"@type":"WebSite","@id":"https:\/\/marine-assekuranz.de\/#website","url":"https:\/\/marine-assekuranz.de\/","name":"MARINE Assekuranz GmbH Versicherungsmakler","description":"Schifffahrt und Seetransporte sicher versichern","publisher":{"@id":"https:\/\/marine-assekuranz.de\/#organization"},"potentialAction":[{"@type":"SearchAction","target":{"@type":"EntryPoint","urlTemplate":"https:\/\/marine-assekuranz.de\/?s={search_term_string}"},"query-input":{"@type":"PropertyValueSpecification","valueRequired":true,"valueName":"search_term_string"}}],"inLanguage":"en-US"},{"@type":"Organization","@id":"https:\/\/marine-assekuranz.de\/#organization","name":"Marine Assekuranz GmbH","url":"https:\/\/marine-assekuranz.de\/","logo":{"@type":"ImageObject","inLanguage":"en-US","@id":"https:\/\/marine-assekuranz.de\/#\/schema\/logo\/image\/","url":"https:\/\/marine-assekuranz.de\/wp-content\/uploads\/2020\/09\/Logo_MA_en_500.png","contentUrl":"https:\/\/marine-assekuranz.de\/wp-content\/uploads\/2020\/09\/Logo_MA_en_500.png","width":500,"height":100,"caption":"Marine Assekuranz GmbH"},"image":{"@id":"https:\/\/marine-assekuranz.de\/#\/schema\/logo\/image\/"}}]}},"_links":{"self":[{"href":"https:\/\/marine-assekuranz.de\/en\/wp-json\/wp\/v2\/pages\/628","targetHints":{"allow":["GET"]}}],"collection":[{"href":"https:\/\/marine-assekuranz.de\/en\/wp-json\/wp\/v2\/pages"}],"about":[{"href":"https:\/\/marine-assekuranz.de\/en\/wp-json\/wp\/v2\/types\/page"}],"author":[{"embeddable":true,"href":"https:\/\/marine-assekuranz.de\/en\/wp-json\/wp\/v2\/users\/1"}],"replies":[{"embeddable":true,"href":"https:\/\/marine-assekuranz.de\/en\/wp-json\/wp\/v2\/comments?post=628"}],"version-history":[{"count":4,"href":"https:\/\/marine-assekuranz.de\/en\/wp-json\/wp\/v2\/pages\/628\/revisions"}],"predecessor-version":[{"id":828,"href":"https:\/\/marine-assekuranz.de\/en\/wp-json\/wp\/v2\/pages\/628\/revisions\/828"}],"up":[{"embeddable":true,"href":"https:\/\/marine-assekuranz.de\/en\/wp-json\/wp\/v2\/pages\/579"}],"wp:attachment":[{"href":"https:\/\/marine-assekuranz.de\/en\/wp-json\/wp\/v2\/media?parent=628"}],"curies":[{"name":"wp","href":"https:\/\/api.w.org\/{rel}","templated":true}]}}